{"id":6650,"date":"2026-02-09T18:47:17","date_gmt":"2026-02-09T14:47:17","guid":{"rendered":"https:\/\/www.dubaiessences.re\/?post_type=product&#038;p=6650"},"modified":"2026-03-18T17:05:19","modified_gmt":"2026-03-18T13:05:19","slug":"surrati-musk-tahara-12-ml","status":"publish","type":"product","link":"https:\/\/www.dubaiessences.re\/index.php\/product\/surrati-musk-tahara-12-ml\/","title":{"rendered":"SURRATI  Musc Tahara 12 ML"},"content":{"rendered":"","protected":false},"excerpt":{"rendered":"<p>Le Musc Tahara qu&#8217;on pourrait traduire par &#8220;musc purifiant&#8221; fait parti des parfums symboliques du moyen orient.<br \/>\nUtilis\u00e9 \u00e0 l&#8217;origine par les femmes musulmanes apr\u00e8s leur bain rituel il est devenu incontournable d\u00e9sormais pour toutes les personnes qui appr\u00e9cient sa senteur de coton, propre et poudr\u00e9e.<br \/>\nTraditionnellement on l&#8217;utilise comme d\u00e9odorant en petites quantit\u00e9s a proximit\u00e9 des zones sensibles comme l&#8217;aine ou les aisselles mais il est appr\u00e9ci\u00e9 \u00e9galement sur les points chauds tels que les poignets, le creux des bras, le cou&#8230;<br \/>\nIl est aussi tr\u00e8s int\u00e9ressant pour le layering en combinaison avec des parfums fleuris, fruit\u00e9s ou vanill\u00e9s par exemple.<br \/>\nNous avons choisi de vous proposer le Musk Tahara de la marque Surrati d&#8217;Arabie Saoudite qui est sans doute l&#8217;un des plus r\u00e9put\u00e9 pour sa senteur et sa long\u00e9vit\u00e9.<\/p>\n<p>&nbsp;<\/p>\n<p>Notes: Musqu\u00e9es, Florales, Poudr\u00e9es.<\/p>\n<p>&nbsp;<\/p>\n<p>12 ML\u00a0 CONCENTRE DE PARFUM SANS ALCOOL<\/p>\n<p>&nbsp;<\/p>\n","protected":false},"featured_media":6651,"comment_status":"open","ping_status":"closed","template":"","meta":[],"product_brand":[],"product_cat":[111,117,76,116,118,124],"product_tag":[],"class_list":{"0":"post-6650","1":"product","2":"type-product","3":"status-publish","4":"has-post-thumbnail","6":"product_cat-best-sellers","7":"product_cat-femme","8":"product_cat-fleuri","9":"product_cat-homme","10":"product_cat-huiles-concentrees","11":"product_cat-musc","13":"first","14":"instock","15":"taxable","16":"shipping-taxable","17":"purchasable","18":"product-type-simple"},"_links":{"self":[{"href":"https:\/\/www.dubaiessences.re\/index.php\/wp-json\/wp\/v2\/product\/6650","targetHints":{"allow":["GET"]}}],"collection":[{"href":"https:\/\/www.dubaiessences.re\/index.php\/wp-json\/wp\/v2\/product"}],"about":[{"href":"https:\/\/www.dubaiessences.re\/index.php\/wp-json\/wp\/v2\/types\/product"}],"replies":[{"embeddable":true,"href":"https:\/\/www.dubaiessences.re\/index.php\/wp-json\/wp\/v2\/comments?post=6650"}],"wp:featuredmedia":[{"embeddable":true,"href":"https:\/\/www.dubaiessences.re\/index.php\/wp-json\/wp\/v2\/media\/6651"}],"wp:attachment":[{"href":"https:\/\/www.dubaiessences.re\/index.php\/wp-json\/wp\/v2\/media?parent=6650"}],"wp:term":[{"taxonomy":"product_brand","embeddable":true,"href":"https:\/\/www.dubaiessences.re\/index.php\/wp-json\/wp\/v2\/product_brand?post=6650"},{"taxonomy":"product_cat","embeddable":true,"href":"https:\/\/www.dubaiessences.re\/index.php\/wp-json\/wp\/v2\/product_cat?post=6650"},{"taxonomy":"product_tag","embeddable":true,"href":"https:\/\/www.dubaiessences.re\/index.php\/wp-json\/wp\/v2\/product_tag?post=6650"}],"curies":[{"name":"wp","href":"https:\/\/api.w.org\/{rel}","templated":true}]}}