{"id":6634,"date":"2026-01-14T16:20:24","date_gmt":"2026-01-14T12:20:24","guid":{"rendered":"https:\/\/www.dubaiessences.re\/?post_type=product&#038;p=6634"},"modified":"2026-03-17T12:47:19","modified_gmt":"2026-03-17T08:47:19","slug":"ajmal-qasida-dahabia-60-ml","status":"publish","type":"product","link":"https:\/\/www.dubaiessences.re\/index.php\/product\/ajmal-qasida-dahabia-60-ml\/","title":{"rendered":"AJMAL Qasida Dahabia 60 ML"},"content":{"rendered":"","protected":false},"excerpt":{"rendered":"<p>Qasida Dahabia de Ajmal incarne parfaitement l\u2019esprit de grandeur et d\u2019\u00e9l\u00e9gance.<br \/>\nSes notes florales fruit\u00e9es et l\u00e9g\u00e8rement teint\u00e9es de cuir vont s\u00e9duire les amateurs de parfums orientaux.<br \/>\nBergamote, rose, tabac et vanille, cr\u00e9ent  un \u00e9quilibre entre fra\u00eecheur et chaleur comme la brise dans un d\u00e9sert brulant, une signature unique.<\/p>\n<p>&nbsp;<\/p>\n<p><b>T\u00eate : <\/b> Bergamote, Muscade, Poivre rose<br \/>\n<b>C\u0153ur<\/b>\u00a0<strong>:\u00a0<\/strong> Tabac, Jasmin, Rose<br \/>\n<b>Fond <\/b><strong>:<\/strong> Ambre, Musc, Vanille<\/p>\n<p>&nbsp;<\/p>\n<p>Eau de parfum mixte 60ML<\/p>\n<p>&nbsp;<\/p>\n<p>&nbsp;<\/p>\n<p>&nbsp;<\/p>\n<p>&nbsp;<\/p>\n","protected":false},"featured_media":6635,"comment_status":"open","ping_status":"closed","template":"","meta":[],"product_brand":[],"product_cat":[72,122,75,117,76,77,116,124,115],"product_tag":[80],"class_list":{"0":"post-6634","1":"product","2":"type-product","3":"status-publish","4":"has-post-thumbnail","6":"product_cat-ambre","7":"product_cat-cuir","8":"product_cat-epice","9":"product_cat-femme","10":"product_cat-fleuri","11":"product_cat-fruite","12":"product_cat-homme","13":"product_cat-musc","14":"product_cat-nos-parfums","15":"product_tag-ajmal","17":"first","18":"instock","19":"taxable","20":"shipping-taxable","21":"purchasable","22":"product-type-simple"},"_links":{"self":[{"href":"https:\/\/www.dubaiessences.re\/index.php\/wp-json\/wp\/v2\/product\/6634","targetHints":{"allow":["GET"]}}],"collection":[{"href":"https:\/\/www.dubaiessences.re\/index.php\/wp-json\/wp\/v2\/product"}],"about":[{"href":"https:\/\/www.dubaiessences.re\/index.php\/wp-json\/wp\/v2\/types\/product"}],"replies":[{"embeddable":true,"href":"https:\/\/www.dubaiessences.re\/index.php\/wp-json\/wp\/v2\/comments?post=6634"}],"wp:featuredmedia":[{"embeddable":true,"href":"https:\/\/www.dubaiessences.re\/index.php\/wp-json\/wp\/v2\/media\/6635"}],"wp:attachment":[{"href":"https:\/\/www.dubaiessences.re\/index.php\/wp-json\/wp\/v2\/media?parent=6634"}],"wp:term":[{"taxonomy":"product_brand","embeddable":true,"href":"https:\/\/www.dubaiessences.re\/index.php\/wp-json\/wp\/v2\/product_brand?post=6634"},{"taxonomy":"product_cat","embeddable":true,"href":"https:\/\/www.dubaiessences.re\/index.php\/wp-json\/wp\/v2\/product_cat?post=6634"},{"taxonomy":"product_tag","embeddable":true,"href":"https:\/\/www.dubaiessences.re\/index.php\/wp-json\/wp\/v2\/product_tag?post=6634"}],"curies":[{"name":"wp","href":"https:\/\/api.w.org\/{rel}","templated":true}]}}