{"id":6618,"date":"2025-12-18T17:28:29","date_gmt":"2025-12-18T13:28:29","guid":{"rendered":"https:\/\/www.dubaiessences.re\/?post_type=product&#038;p=6618"},"modified":"2026-03-28T18:53:23","modified_gmt":"2026-03-28T14:53:23","slug":"lattafa-yara-elixir-100-ml","status":"publish","type":"product","link":"https:\/\/www.dubaiessences.re\/index.php\/product\/lattafa-yara-elixir-100-ml\/","title":{"rendered":"LATTAFA Yara Elixir 100 ML"},"content":{"rendered":"<ol>\n<li><\/li>\n<\/ol>\n","protected":false},"excerpt":{"rendered":"<p>Yara Elixir, une nouvelle d\u00e9clinaison du Yara fid\u00e8le \u00e0 l&#8217;ambiance lact\u00e9e et sucr\u00e9e de la gamme.<br \/>\nEn notes de t\u00eate c&#8217;est un accord de fraise cr\u00e9meuse et de cassis cette fois qui s&#8217;accorde avec le c\u0153ur floral.<br \/>\nEn fond la vanille, le musc et le caramel \u00e9veillent vos sens telle une confiserie douce et d\u00e9licieuse.<\/p>\n<p>&nbsp;<\/p>\n<p><strong>T\u00eate<\/strong>: Accord cr\u00e8me \u00e0 la fraise, Cassis<br \/>\n<strong>C\u0153ur<\/strong>: Jasmin, Fleur d&#8217;Oranger<br \/>\n<strong>Fond<\/strong>: Vanille, Musc, Caramel<\/p>\n<p>&nbsp;<\/p>\n<p>Eau de parfum pour femme 100 ML<\/p>\n","protected":false},"featured_media":6619,"comment_status":"open","ping_status":"closed","template":"","meta":[],"product_brand":[],"product_cat":[117,76,77],"product_tag":[121],"class_list":{"0":"post-6618","1":"product","2":"type-product","3":"status-publish","4":"has-post-thumbnail","6":"product_cat-femme","7":"product_cat-fleuri","8":"product_cat-fruite","9":"product_tag-lattafa","11":"first","12":"outofstock","13":"taxable","14":"shipping-taxable","15":"purchasable","16":"product-type-simple"},"_links":{"self":[{"href":"https:\/\/www.dubaiessences.re\/index.php\/wp-json\/wp\/v2\/product\/6618","targetHints":{"allow":["GET"]}}],"collection":[{"href":"https:\/\/www.dubaiessences.re\/index.php\/wp-json\/wp\/v2\/product"}],"about":[{"href":"https:\/\/www.dubaiessences.re\/index.php\/wp-json\/wp\/v2\/types\/product"}],"replies":[{"embeddable":true,"href":"https:\/\/www.dubaiessences.re\/index.php\/wp-json\/wp\/v2\/comments?post=6618"}],"wp:featuredmedia":[{"embeddable":true,"href":"https:\/\/www.dubaiessences.re\/index.php\/wp-json\/wp\/v2\/media\/6619"}],"wp:attachment":[{"href":"https:\/\/www.dubaiessences.re\/index.php\/wp-json\/wp\/v2\/media?parent=6618"}],"wp:term":[{"taxonomy":"product_brand","embeddable":true,"href":"https:\/\/www.dubaiessences.re\/index.php\/wp-json\/wp\/v2\/product_brand?post=6618"},{"taxonomy":"product_cat","embeddable":true,"href":"https:\/\/www.dubaiessences.re\/index.php\/wp-json\/wp\/v2\/product_cat?post=6618"},{"taxonomy":"product_tag","embeddable":true,"href":"https:\/\/www.dubaiessences.re\/index.php\/wp-json\/wp\/v2\/product_tag?post=6618"}],"curies":[{"name":"wp","href":"https:\/\/api.w.org\/{rel}","templated":true}]}}