{"id":6612,"date":"2025-12-18T16:53:43","date_gmt":"2025-12-18T12:53:43","guid":{"rendered":"https:\/\/www.dubaiessences.re\/?post_type=product&#038;p=6612"},"modified":"2026-03-18T09:13:21","modified_gmt":"2026-03-18T05:13:21","slug":"lattafa-confidential-gold100-ml","status":"publish","type":"product","link":"https:\/\/www.dubaiessences.re\/index.php\/product\/lattafa-confidential-gold100-ml\/","title":{"rendered":"LATTAFA Confidential Gold100 ML"},"content":{"rendered":"","protected":false},"excerpt":{"rendered":"<p>Confidential Gold, le plaisir d&#8217;un cocktail fruit\u00e9 par grande chaleur, une senteur fraiche et sucr\u00e9e sans \u00eatre \u00e9crasante. Une ouverture de fruits exotiques, poire et agrumes, les notes poudr\u00e9es et florales de l&#8217;h\u00e9liotrope ainsi que le musc blanc assurent un sillage subtil et d\u00e9licat.<br \/>\n&nbsp;<\/p>\n<p>&nbsp;<\/p>\n<p><strong>T\u00eate<\/strong>: Passion, Poire, Citron, Bergamote<br \/>\n<strong>C\u0153ur<\/strong>: Lavande, H\u00e9liotrope<br \/>\n<strong>Fond<\/strong>:\u00a0Musc, Vanille, Patchouli<\/p>\n<p>&nbsp;<\/p>\n<p>Eau de parfum mixte 100 ML<\/p>\n","protected":false},"featured_media":6613,"comment_status":"open","ping_status":"closed","template":"","meta":[],"product_brand":[],"product_cat":[117,76,77,78,116,124],"product_tag":[121],"class_list":{"0":"post-6612","1":"product","2":"type-product","3":"status-publish","4":"has-post-thumbnail","6":"product_cat-femme","7":"product_cat-fleuri","8":"product_cat-fruite","9":"product_cat-hesperide","10":"product_cat-homme","11":"product_cat-musc","12":"product_tag-lattafa","14":"first","15":"instock","16":"taxable","17":"shipping-taxable","18":"purchasable","19":"product-type-simple"},"_links":{"self":[{"href":"https:\/\/www.dubaiessences.re\/index.php\/wp-json\/wp\/v2\/product\/6612","targetHints":{"allow":["GET"]}}],"collection":[{"href":"https:\/\/www.dubaiessences.re\/index.php\/wp-json\/wp\/v2\/product"}],"about":[{"href":"https:\/\/www.dubaiessences.re\/index.php\/wp-json\/wp\/v2\/types\/product"}],"replies":[{"embeddable":true,"href":"https:\/\/www.dubaiessences.re\/index.php\/wp-json\/wp\/v2\/comments?post=6612"}],"wp:featuredmedia":[{"embeddable":true,"href":"https:\/\/www.dubaiessences.re\/index.php\/wp-json\/wp\/v2\/media\/6613"}],"wp:attachment":[{"href":"https:\/\/www.dubaiessences.re\/index.php\/wp-json\/wp\/v2\/media?parent=6612"}],"wp:term":[{"taxonomy":"product_brand","embeddable":true,"href":"https:\/\/www.dubaiessences.re\/index.php\/wp-json\/wp\/v2\/product_brand?post=6612"},{"taxonomy":"product_cat","embeddable":true,"href":"https:\/\/www.dubaiessences.re\/index.php\/wp-json\/wp\/v2\/product_cat?post=6612"},{"taxonomy":"product_tag","embeddable":true,"href":"https:\/\/www.dubaiessences.re\/index.php\/wp-json\/wp\/v2\/product_tag?post=6612"}],"curies":[{"name":"wp","href":"https:\/\/api.w.org\/{rel}","templated":true}]}}