{"id":6551,"date":"2025-10-06T15:54:15","date_gmt":"2025-10-06T11:54:15","guid":{"rendered":"https:\/\/www.dubaiessences.re\/?post_type=product&#038;p=6551"},"modified":"2026-03-02T19:53:13","modified_gmt":"2026-03-02T15:53:13","slug":"lattafa-asad-bourbon-100-ml","status":"publish","type":"product","link":"https:\/\/www.dubaiessences.re\/index.php\/product\/lattafa-asad-bourbon-100-ml\/","title":{"rendered":"LATTAFA Asad Bourbon 100 ML"},"content":{"rendered":"","protected":false},"excerpt":{"rendered":"<p>Asad Bourbon, un parfum envoutant o\u00f9 la fraicheur l\u00e9g\u00e8rement \u00e9pic\u00e9e de la lavande et du poivre rose se m\u00eale au cacao, \u00e0 la vanille et aux bois intenses.<br \/>\nUne aura chic et d\u00e9contract\u00e9e qui vous mettra en valeur en toutes circonstances.<\/p>\n<p>&nbsp;<\/p>\n<p>&nbsp;<\/p>\n<p><strong>T\u00eate<\/strong>: Lavande, Poivre rose, Prune<br \/>\n<strong>C\u0153ur<\/strong>: Cacao, Muscade, Davana<br \/>\n<strong>Fond<\/strong>:\u00a0 Ambre, Vanille, V\u00e9tiver<\/p>\n<p>&nbsp;<\/p>\n<p>Eau de parfum pour homme 100 ML<\/p>\n","protected":false},"featured_media":6552,"comment_status":"open","ping_status":"closed","template":"","meta":[],"product_brand":[],"product_cat":[72,111,74,75,116],"product_tag":[121],"class_list":{"0":"post-6551","1":"product","2":"type-product","3":"status-publish","4":"has-post-thumbnail","6":"product_cat-ambre","7":"product_cat-best-sellers","8":"product_cat-boise","9":"product_cat-epice","10":"product_cat-homme","11":"product_tag-lattafa","13":"first","14":"outofstock","15":"taxable","16":"shipping-taxable","17":"purchasable","18":"product-type-simple"},"_links":{"self":[{"href":"https:\/\/www.dubaiessences.re\/index.php\/wp-json\/wp\/v2\/product\/6551","targetHints":{"allow":["GET"]}}],"collection":[{"href":"https:\/\/www.dubaiessences.re\/index.php\/wp-json\/wp\/v2\/product"}],"about":[{"href":"https:\/\/www.dubaiessences.re\/index.php\/wp-json\/wp\/v2\/types\/product"}],"replies":[{"embeddable":true,"href":"https:\/\/www.dubaiessences.re\/index.php\/wp-json\/wp\/v2\/comments?post=6551"}],"wp:featuredmedia":[{"embeddable":true,"href":"https:\/\/www.dubaiessences.re\/index.php\/wp-json\/wp\/v2\/media\/6552"}],"wp:attachment":[{"href":"https:\/\/www.dubaiessences.re\/index.php\/wp-json\/wp\/v2\/media?parent=6551"}],"wp:term":[{"taxonomy":"product_brand","embeddable":true,"href":"https:\/\/www.dubaiessences.re\/index.php\/wp-json\/wp\/v2\/product_brand?post=6551"},{"taxonomy":"product_cat","embeddable":true,"href":"https:\/\/www.dubaiessences.re\/index.php\/wp-json\/wp\/v2\/product_cat?post=6551"},{"taxonomy":"product_tag","embeddable":true,"href":"https:\/\/www.dubaiessences.re\/index.php\/wp-json\/wp\/v2\/product_tag?post=6551"}],"curies":[{"name":"wp","href":"https:\/\/api.w.org\/{rel}","templated":true}]}}