{"id":6541,"date":"2025-10-02T10:34:43","date_gmt":"2025-10-02T06:34:43","guid":{"rendered":"https:\/\/www.dubaiessences.re\/?post_type=product&#038;p=6541"},"modified":"2026-03-08T22:13:32","modified_gmt":"2026-03-08T18:13:32","slug":"lattafa-badee-al-oud-oud-for-glory-100-ml","status":"publish","type":"product","link":"https:\/\/www.dubaiessences.re\/index.php\/product\/lattafa-badee-al-oud-oud-for-glory-100-ml\/","title":{"rendered":"LATTAFA Badee Al Oud &#8211; Oud For Glory 100 ML"},"content":{"rendered":"","protected":false},"excerpt":{"rendered":"<p>Oud For Glory, un oud moderne au d\u00e9part saisissant, o\u00f9 \u00e9pices et lavande se m\u00ealent pour introduire un accord bois\u00e9-ambr\u00e9 intense.<br \/>\nLe oud, pr\u00e9sent d\u00e8s l&#8217;ouverture impose son autorit\u00e9 et d\u00e9veloppe un sillage des plus durable dans la chaleur enveloppante du musc et de l&#8217;ambre.<\/p>\n<p>&nbsp;<\/p>\n<p>&nbsp;<\/p>\n<p><strong>T\u00eate<\/strong>: Safran, Lavande, Muscade<br \/>\n<strong>C\u0153ur<\/strong>: Oud, Patchouli<br \/>\n<strong>Fond<\/strong>:\u00a0Oud, Musc, Ambre<\/p>\n<p>&nbsp;<\/p>\n<p>Eau de parfum mixte 100 ML<\/p>\n","protected":false},"featured_media":6558,"comment_status":"open","ping_status":"closed","template":"","meta":[],"product_brand":[],"product_cat":[72,74,75,117,116,124,125],"product_tag":[121],"class_list":{"0":"post-6541","1":"product","2":"type-product","3":"status-publish","4":"has-post-thumbnail","6":"product_cat-ambre","7":"product_cat-boise","8":"product_cat-epice","9":"product_cat-femme","10":"product_cat-homme","11":"product_cat-musc","12":"product_cat-oud","13":"product_tag-lattafa","15":"first","16":"outofstock","17":"taxable","18":"shipping-taxable","19":"purchasable","20":"product-type-simple"},"_links":{"self":[{"href":"https:\/\/www.dubaiessences.re\/index.php\/wp-json\/wp\/v2\/product\/6541","targetHints":{"allow":["GET"]}}],"collection":[{"href":"https:\/\/www.dubaiessences.re\/index.php\/wp-json\/wp\/v2\/product"}],"about":[{"href":"https:\/\/www.dubaiessences.re\/index.php\/wp-json\/wp\/v2\/types\/product"}],"replies":[{"embeddable":true,"href":"https:\/\/www.dubaiessences.re\/index.php\/wp-json\/wp\/v2\/comments?post=6541"}],"wp:featuredmedia":[{"embeddable":true,"href":"https:\/\/www.dubaiessences.re\/index.php\/wp-json\/wp\/v2\/media\/6558"}],"wp:attachment":[{"href":"https:\/\/www.dubaiessences.re\/index.php\/wp-json\/wp\/v2\/media?parent=6541"}],"wp:term":[{"taxonomy":"product_brand","embeddable":true,"href":"https:\/\/www.dubaiessences.re\/index.php\/wp-json\/wp\/v2\/product_brand?post=6541"},{"taxonomy":"product_cat","embeddable":true,"href":"https:\/\/www.dubaiessences.re\/index.php\/wp-json\/wp\/v2\/product_cat?post=6541"},{"taxonomy":"product_tag","embeddable":true,"href":"https:\/\/www.dubaiessences.re\/index.php\/wp-json\/wp\/v2\/product_tag?post=6541"}],"curies":[{"name":"wp","href":"https:\/\/api.w.org\/{rel}","templated":true}]}}