{"id":6505,"date":"2025-09-27T10:00:37","date_gmt":"2025-09-27T06:00:37","guid":{"rendered":"https:\/\/www.dubaiessences.re\/?post_type=product&#038;p=6505"},"modified":"2026-03-18T09:15:15","modified_gmt":"2026-03-18T05:15:15","slug":"lattafa-eternal-oud-100-ml","status":"publish","type":"product","link":"https:\/\/www.dubaiessences.re\/index.php\/product\/lattafa-eternal-oud-100-ml\/","title":{"rendered":"LATTAFA Eternal Oud 100 ML"},"content":{"rendered":"<ol>\n<li><\/li>\n<\/ol>\n","protected":false},"excerpt":{"rendered":"<p>Eternal Oud, un accord ambr\u00e9 r\u00e9alis\u00e9 dans les r\u00e8gles de l&#8217;art: vanille, labdanum, benjoin et oud.<br \/>\nComment ne pas succomber \u00e0 cet \u00e9lixir riche et myst\u00e9rieux qui va vous r\u00e9v\u00e9ler progressivement ses facettes balsamiques douces mais aussi cuir\u00e9es et l\u00e9g\u00e8rement fum\u00e9es.<br \/>\nUn contraste qui vous fait la promesse d&#8217;un sillage inoubliable.<\/p>\n<p>&nbsp;<\/p>\n<p><strong>T\u00eate<\/strong>: Pamplemousse, Orange<br \/>\n<strong>C\u0153ur<\/strong>: Lavande, H\u00e9liotrope<br \/>\n<strong>Fond<\/strong>: Vanille, Benjoin, Labdanum, Ambre, F\u00e8ve Tonka, Oud<\/p>\n<p>&nbsp;<\/p>\n<p>Eau de parfum mixte 100 ML<\/p>\n","protected":false},"featured_media":6506,"comment_status":"open","ping_status":"closed","template":"","meta":[],"product_brand":[],"product_cat":[72,74,122,117,116,125],"product_tag":[121],"class_list":{"0":"post-6505","1":"product","2":"type-product","3":"status-publish","4":"has-post-thumbnail","6":"product_cat-ambre","7":"product_cat-boise","8":"product_cat-cuir","9":"product_cat-femme","10":"product_cat-homme","11":"product_cat-oud","12":"product_tag-lattafa","14":"first","15":"instock","16":"taxable","17":"shipping-taxable","18":"purchasable","19":"product-type-simple"},"_links":{"self":[{"href":"https:\/\/www.dubaiessences.re\/index.php\/wp-json\/wp\/v2\/product\/6505","targetHints":{"allow":["GET"]}}],"collection":[{"href":"https:\/\/www.dubaiessences.re\/index.php\/wp-json\/wp\/v2\/product"}],"about":[{"href":"https:\/\/www.dubaiessences.re\/index.php\/wp-json\/wp\/v2\/types\/product"}],"replies":[{"embeddable":true,"href":"https:\/\/www.dubaiessences.re\/index.php\/wp-json\/wp\/v2\/comments?post=6505"}],"wp:featuredmedia":[{"embeddable":true,"href":"https:\/\/www.dubaiessences.re\/index.php\/wp-json\/wp\/v2\/media\/6506"}],"wp:attachment":[{"href":"https:\/\/www.dubaiessences.re\/index.php\/wp-json\/wp\/v2\/media?parent=6505"}],"wp:term":[{"taxonomy":"product_brand","embeddable":true,"href":"https:\/\/www.dubaiessences.re\/index.php\/wp-json\/wp\/v2\/product_brand?post=6505"},{"taxonomy":"product_cat","embeddable":true,"href":"https:\/\/www.dubaiessences.re\/index.php\/wp-json\/wp\/v2\/product_cat?post=6505"},{"taxonomy":"product_tag","embeddable":true,"href":"https:\/\/www.dubaiessences.re\/index.php\/wp-json\/wp\/v2\/product_tag?post=6505"}],"curies":[{"name":"wp","href":"https:\/\/api.w.org\/{rel}","templated":true}]}}