{"id":6479,"date":"2025-08-18T23:25:47","date_gmt":"2025-08-18T19:25:47","guid":{"rendered":"https:\/\/www.dubaiessences.re\/?post_type=product&#038;p=6479"},"modified":"2026-03-02T19:53:47","modified_gmt":"2026-03-02T15:53:47","slug":"lattafa-khamrah-dukhan-100-ml","status":"publish","type":"product","link":"https:\/\/www.dubaiessences.re\/index.php\/product\/lattafa-khamrah-dukhan-100-ml\/","title":{"rendered":"LATTAFA Khamrah Dukhan 100 ML"},"content":{"rendered":"","protected":false},"excerpt":{"rendered":"<p>Khamrah Dukhan, une version qui se veut plus audacieuse.<br \/>\nTout en gardant le profil du c\u00e9l\u00e8bre Khamrah, cette fois Lattafa met l&#8217;accent sur les \u00e9pices, chaudes et montantes elles se marient parfaitement avec les vapeurs d&#8217;encens et la profondeur de l&#8217;ambre.<\/p>\n<p>&nbsp;<\/p>\n<p><strong>T\u00eate<\/strong>: Epices, Piment, Mandarine<br \/>\n<strong>Coeur<\/strong>: Encens, Fleur d&#8217;Oranger, Patchouli<br \/>\n<strong>Fond<\/strong>: Tabac, Benjoin, Tonka, Vanille<\/p>\n<p>&nbsp;<\/p>\n<p>Eau de parfum Mixte 100 ML<\/p>\n","protected":false},"featured_media":6480,"comment_status":"open","ping_status":"closed","template":"","meta":[],"product_brand":[],"product_cat":[72,74,75,117,116],"product_tag":[121],"class_list":{"0":"post-6479","1":"product","2":"type-product","3":"status-publish","4":"has-post-thumbnail","6":"product_cat-ambre","7":"product_cat-boise","8":"product_cat-epice","9":"product_cat-femme","10":"product_cat-homme","11":"product_tag-lattafa","13":"first","14":"instock","15":"taxable","16":"shipping-taxable","17":"purchasable","18":"product-type-simple"},"_links":{"self":[{"href":"https:\/\/www.dubaiessences.re\/index.php\/wp-json\/wp\/v2\/product\/6479","targetHints":{"allow":["GET"]}}],"collection":[{"href":"https:\/\/www.dubaiessences.re\/index.php\/wp-json\/wp\/v2\/product"}],"about":[{"href":"https:\/\/www.dubaiessences.re\/index.php\/wp-json\/wp\/v2\/types\/product"}],"replies":[{"embeddable":true,"href":"https:\/\/www.dubaiessences.re\/index.php\/wp-json\/wp\/v2\/comments?post=6479"}],"wp:featuredmedia":[{"embeddable":true,"href":"https:\/\/www.dubaiessences.re\/index.php\/wp-json\/wp\/v2\/media\/6480"}],"wp:attachment":[{"href":"https:\/\/www.dubaiessences.re\/index.php\/wp-json\/wp\/v2\/media?parent=6479"}],"wp:term":[{"taxonomy":"product_brand","embeddable":true,"href":"https:\/\/www.dubaiessences.re\/index.php\/wp-json\/wp\/v2\/product_brand?post=6479"},{"taxonomy":"product_cat","embeddable":true,"href":"https:\/\/www.dubaiessences.re\/index.php\/wp-json\/wp\/v2\/product_cat?post=6479"},{"taxonomy":"product_tag","embeddable":true,"href":"https:\/\/www.dubaiessences.re\/index.php\/wp-json\/wp\/v2\/product_tag?post=6479"}],"curies":[{"name":"wp","href":"https:\/\/api.w.org\/{rel}","templated":true}]}}