{"id":6445,"date":"2025-07-19T18:47:26","date_gmt":"2025-07-19T14:47:26","guid":{"rendered":"https:\/\/www.dubaiessences.re\/?post_type=product&#038;p=6445"},"modified":"2026-03-28T18:53:08","modified_gmt":"2026-03-28T14:53:08","slug":"lattafa-atheeri-100-ml","status":"publish","type":"product","link":"https:\/\/www.dubaiessences.re\/index.php\/product\/lattafa-atheeri-100-ml\/","title":{"rendered":"LATTAFA Atheeri 100 ML"},"content":{"rendered":"<ol>\n<li><\/li>\n<\/ol>\n","protected":false},"excerpt":{"rendered":"<p>Atheeri est un parfum floral gourmand qui capte l&#8217;attention.<br \/>\nLumineux et a\u00e9rien, il s&#8217;ouvre dans une fraicheur ros\u00e9e avec des notes de fruit de la passion.<br \/>\nSon bouquet d\u00e9licat de jasmin et d&#8217;orchid\u00e9e se m\u00eale ensuite \u00e0 la sensualit\u00e9 de la vanille et de l&#8217;ambre pour vous entrainer dans son sillage riche et distingu\u00e9.<\/p>\n<p>&nbsp;<\/p>\n<p><strong>T\u00eate<\/strong>: Fruit de la passion, Eau de Rose<br \/>\n<strong>C\u0153ur<\/strong>: Orchid\u00e9e, Jasmin<br \/>\n<strong>Fond<\/strong>: Vanille, Ambre<\/p>\n<p>&nbsp;<\/p>\n<p>Eau de parfum pour femme 100 ML<\/p>\n","protected":false},"featured_media":6446,"comment_status":"open","ping_status":"closed","template":"","meta":[],"product_brand":[],"product_cat":[117,76,77,123],"product_tag":[121],"class_list":{"0":"post-6445","1":"product","2":"type-product","3":"status-publish","4":"has-post-thumbnail","6":"product_cat-femme","7":"product_cat-fleuri","8":"product_cat-fruite","9":"product_cat-gourmand","10":"product_tag-lattafa","12":"first","13":"outofstock","14":"taxable","15":"shipping-taxable","16":"purchasable","17":"product-type-simple"},"_links":{"self":[{"href":"https:\/\/www.dubaiessences.re\/index.php\/wp-json\/wp\/v2\/product\/6445","targetHints":{"allow":["GET"]}}],"collection":[{"href":"https:\/\/www.dubaiessences.re\/index.php\/wp-json\/wp\/v2\/product"}],"about":[{"href":"https:\/\/www.dubaiessences.re\/index.php\/wp-json\/wp\/v2\/types\/product"}],"replies":[{"embeddable":true,"href":"https:\/\/www.dubaiessences.re\/index.php\/wp-json\/wp\/v2\/comments?post=6445"}],"wp:featuredmedia":[{"embeddable":true,"href":"https:\/\/www.dubaiessences.re\/index.php\/wp-json\/wp\/v2\/media\/6446"}],"wp:attachment":[{"href":"https:\/\/www.dubaiessences.re\/index.php\/wp-json\/wp\/v2\/media?parent=6445"}],"wp:term":[{"taxonomy":"product_brand","embeddable":true,"href":"https:\/\/www.dubaiessences.re\/index.php\/wp-json\/wp\/v2\/product_brand?post=6445"},{"taxonomy":"product_cat","embeddable":true,"href":"https:\/\/www.dubaiessences.re\/index.php\/wp-json\/wp\/v2\/product_cat?post=6445"},{"taxonomy":"product_tag","embeddable":true,"href":"https:\/\/www.dubaiessences.re\/index.php\/wp-json\/wp\/v2\/product_tag?post=6445"}],"curies":[{"name":"wp","href":"https:\/\/api.w.org\/{rel}","templated":true}]}}