{"id":6413,"date":"2025-06-11T11:43:34","date_gmt":"2025-06-11T07:43:34","guid":{"rendered":"https:\/\/www.dubaiessences.re\/?post_type=product&#038;p=6413"},"modified":"2025-12-09T21:26:21","modified_gmt":"2025-12-09T17:26:21","slug":"el-nabil-musc-abu-dhabi-spray-dinterieur-350ml","status":"publish","type":"product","link":"https:\/\/www.dubaiessences.re\/index.php\/product\/el-nabil-musc-abu-dhabi-spray-dinterieur-350ml\/","title":{"rendered":"EL NABIL Musc Abu Dhabi Spray d&#8217;int\u00e9rieur 350ML"},"content":{"rendered":"","protected":false},"excerpt":{"rendered":"<p>Le d\u00e9sodorisant Musc Abu Dhabi sublime votre int\u00e9rieur avec ses notes bois\u00e9es associ\u00e9es \u00e0 des notes plus florales et aromatiques, une empreinte olfactive puissante et raffin\u00e9e.<\/p>\n<p>&nbsp;<\/p>\n<p> Notes olfactives: Herbes aromatiques, Agrumes, Rose, Patchouli, Santal, Musc.<\/p>\n<p>&nbsp;<\/p>\n<p>Parfum d&#8217;ambiance \u00e0 utiliser sur vos tapis, sofa, rideaux etc&#8230; pour rafraichir et parfumer durablement vos espaces int\u00e9rieurs.<br \/>\nBien lire les instructions avant utilisation, ne pas utiliser pour le corps ou les v\u00eatements.<br \/>\n&nbsp;<br \/>\nParfum en alcool 350ML<\/p>\n","protected":false},"featured_media":6415,"comment_status":"open","ping_status":"closed","template":"","meta":[],"product_brand":[],"product_cat":[73,74,75,76,78,124,114],"product_tag":[127],"class_list":{"0":"post-6413","1":"product","2":"type-product","3":"status-publish","4":"has-post-thumbnail","6":"product_cat-aromatique","7":"product_cat-boise","8":"product_cat-epice","9":"product_cat-fleuri","10":"product_cat-hesperide","11":"product_cat-musc","12":"product_cat-nos-parfums-dinterieur","13":"product_tag-el-nabil","15":"first","16":"instock","17":"taxable","18":"shipping-taxable","19":"purchasable","20":"product-type-simple"},"_links":{"self":[{"href":"https:\/\/www.dubaiessences.re\/index.php\/wp-json\/wp\/v2\/product\/6413","targetHints":{"allow":["GET"]}}],"collection":[{"href":"https:\/\/www.dubaiessences.re\/index.php\/wp-json\/wp\/v2\/product"}],"about":[{"href":"https:\/\/www.dubaiessences.re\/index.php\/wp-json\/wp\/v2\/types\/product"}],"replies":[{"embeddable":true,"href":"https:\/\/www.dubaiessences.re\/index.php\/wp-json\/wp\/v2\/comments?post=6413"}],"wp:featuredmedia":[{"embeddable":true,"href":"https:\/\/www.dubaiessences.re\/index.php\/wp-json\/wp\/v2\/media\/6415"}],"wp:attachment":[{"href":"https:\/\/www.dubaiessences.re\/index.php\/wp-json\/wp\/v2\/media?parent=6413"}],"wp:term":[{"taxonomy":"product_brand","embeddable":true,"href":"https:\/\/www.dubaiessences.re\/index.php\/wp-json\/wp\/v2\/product_brand?post=6413"},{"taxonomy":"product_cat","embeddable":true,"href":"https:\/\/www.dubaiessences.re\/index.php\/wp-json\/wp\/v2\/product_cat?post=6413"},{"taxonomy":"product_tag","embeddable":true,"href":"https:\/\/www.dubaiessences.re\/index.php\/wp-json\/wp\/v2\/product_tag?post=6413"}],"curies":[{"name":"wp","href":"https:\/\/api.w.org\/{rel}","templated":true}]}}