{"id":6366,"date":"2025-04-24T10:36:24","date_gmt":"2025-04-24T06:36:24","guid":{"rendered":"https:\/\/www.dubaiessences.re\/?post_type=product&#038;p=6366"},"modified":"2025-07-16T06:07:15","modified_gmt":"2025-07-16T02:07:15","slug":"el-nabil-capilla-oud-zafaran-125ml","status":"publish","type":"product","link":"https:\/\/www.dubaiessences.re\/index.php\/product\/el-nabil-capilla-oud-zafaran-125ml\/","title":{"rendered":"EL NABIL Capilla Oud Zafaran 125ML"},"content":{"rendered":"","protected":false},"excerpt":{"rendered":"<p>Diffuseur de parfum d&#8217;ambiance<\/p>\n<p>&nbsp;<\/p>\n<p> Notes olfactives: Epic\u00e9es, Oud, Encens<\/p>\n<p>&nbsp;<\/p>\n<p>CONSEILS D&#8217;UTILISATION:<br \/>\n&nbsp;<br \/>\nProduit inflammable, bien lire les instructions avant utilisation.<br \/>\nPlacez le capilla El Nabil \u00e0 l&#8217;\u00e9cart de toute source de chaleur, ins\u00e9rer les tiges de bois dans le flacon afin qu&#8217;elles absorbent le parfum. Il ne faut que quelques secondes pour que le parfum se diffuse par capillarit\u00e9 pour une dur\u00e9e de 6 \u00e0 8 semaines.<br \/>\n Si le parfum perd de l&#8217;intensit\u00e9, vous pouvez retourner les tiges en bois.<\/p>\n<p>&nbsp;<br \/>\n125ML<\/p>\n","protected":false},"featured_media":6367,"comment_status":"open","ping_status":"closed","template":"","meta":[],"product_brand":[],"product_cat":[74,75,114,125],"product_tag":[127],"class_list":{"0":"post-6366","1":"product","2":"type-product","3":"status-publish","4":"has-post-thumbnail","6":"product_cat-boise","7":"product_cat-epice","8":"product_cat-nos-parfums-dinterieur","9":"product_cat-oud","10":"product_tag-el-nabil","12":"first","13":"instock","14":"taxable","15":"shipping-taxable","16":"purchasable","17":"product-type-simple"},"_links":{"self":[{"href":"https:\/\/www.dubaiessences.re\/index.php\/wp-json\/wp\/v2\/product\/6366","targetHints":{"allow":["GET"]}}],"collection":[{"href":"https:\/\/www.dubaiessences.re\/index.php\/wp-json\/wp\/v2\/product"}],"about":[{"href":"https:\/\/www.dubaiessences.re\/index.php\/wp-json\/wp\/v2\/types\/product"}],"replies":[{"embeddable":true,"href":"https:\/\/www.dubaiessences.re\/index.php\/wp-json\/wp\/v2\/comments?post=6366"}],"wp:featuredmedia":[{"embeddable":true,"href":"https:\/\/www.dubaiessences.re\/index.php\/wp-json\/wp\/v2\/media\/6367"}],"wp:attachment":[{"href":"https:\/\/www.dubaiessences.re\/index.php\/wp-json\/wp\/v2\/media?parent=6366"}],"wp:term":[{"taxonomy":"product_brand","embeddable":true,"href":"https:\/\/www.dubaiessences.re\/index.php\/wp-json\/wp\/v2\/product_brand?post=6366"},{"taxonomy":"product_cat","embeddable":true,"href":"https:\/\/www.dubaiessences.re\/index.php\/wp-json\/wp\/v2\/product_cat?post=6366"},{"taxonomy":"product_tag","embeddable":true,"href":"https:\/\/www.dubaiessences.re\/index.php\/wp-json\/wp\/v2\/product_tag?post=6366"}],"curies":[{"name":"wp","href":"https:\/\/api.w.org\/{rel}","templated":true}]}}