{"id":6232,"date":"2024-12-14T18:54:52","date_gmt":"2024-12-14T14:54:52","guid":{"rendered":"https:\/\/www.dubaiessences.re\/?post_type=product&#038;p=6232"},"modified":"2026-03-02T19:56:35","modified_gmt":"2026-03-02T15:56:35","slug":"lattafa-badee-al-oud-amethyst-100-ml","status":"publish","type":"product","link":"https:\/\/www.dubaiessences.re\/index.php\/product\/lattafa-badee-al-oud-amethyst-100-ml\/","title":{"rendered":"LATTAFA Badee Al Oud Amethyst 100 ML"},"content":{"rendered":"","protected":false},"excerpt":{"rendered":"<p>Badee Al Oud Amethyst, eau de parfum intense construite sur un oud ambr\u00e9 et imposant.<br \/>\nPour apporter de la l\u00e9g\u00e8ret\u00e9, la rose de Turquie et ses facettes \u00e9pic\u00e9es est mise en valeur d\u00e8s l&#8217;ouverture, offrant un parfum au sillage riche et prolong\u00e9.<\/p>\n<p>&nbsp;<\/p>\n<p>&nbsp;<\/p>\n<p><strong>T\u00eate<\/strong>: Poivre Rose, Bergamote<br \/>\n<strong>C\u0153ur<\/strong>: Rose, Jasmin<br \/>\n<strong>Fond<\/strong>:\u00a0Oud, Ambre, Vanille<\/p>\n<p>&nbsp;<\/p>\n<p>Eau de parfum mixte 100 ML<\/p>\n","protected":false},"featured_media":6233,"comment_status":"open","ping_status":"closed","template":"","meta":[],"product_brand":[],"product_cat":[72,74,75,117,76,116,125],"product_tag":[121],"class_list":{"0":"post-6232","1":"product","2":"type-product","3":"status-publish","4":"has-post-thumbnail","6":"product_cat-ambre","7":"product_cat-boise","8":"product_cat-epice","9":"product_cat-femme","10":"product_cat-fleuri","11":"product_cat-homme","12":"product_cat-oud","13":"product_tag-lattafa","15":"first","16":"instock","17":"taxable","18":"shipping-taxable","19":"purchasable","20":"product-type-simple"},"_links":{"self":[{"href":"https:\/\/www.dubaiessences.re\/index.php\/wp-json\/wp\/v2\/product\/6232","targetHints":{"allow":["GET"]}}],"collection":[{"href":"https:\/\/www.dubaiessences.re\/index.php\/wp-json\/wp\/v2\/product"}],"about":[{"href":"https:\/\/www.dubaiessences.re\/index.php\/wp-json\/wp\/v2\/types\/product"}],"replies":[{"embeddable":true,"href":"https:\/\/www.dubaiessences.re\/index.php\/wp-json\/wp\/v2\/comments?post=6232"}],"wp:featuredmedia":[{"embeddable":true,"href":"https:\/\/www.dubaiessences.re\/index.php\/wp-json\/wp\/v2\/media\/6233"}],"wp:attachment":[{"href":"https:\/\/www.dubaiessences.re\/index.php\/wp-json\/wp\/v2\/media?parent=6232"}],"wp:term":[{"taxonomy":"product_brand","embeddable":true,"href":"https:\/\/www.dubaiessences.re\/index.php\/wp-json\/wp\/v2\/product_brand?post=6232"},{"taxonomy":"product_cat","embeddable":true,"href":"https:\/\/www.dubaiessences.re\/index.php\/wp-json\/wp\/v2\/product_cat?post=6232"},{"taxonomy":"product_tag","embeddable":true,"href":"https:\/\/www.dubaiessences.re\/index.php\/wp-json\/wp\/v2\/product_tag?post=6232"}],"curies":[{"name":"wp","href":"https:\/\/api.w.org\/{rel}","templated":true}]}}