{"id":6177,"date":"2024-11-28T15:11:42","date_gmt":"2024-11-28T11:11:42","guid":{"rendered":"https:\/\/www.dubaiessences.re\/?post_type=product&#038;p=6177"},"modified":"2026-03-07T13:42:18","modified_gmt":"2026-03-07T09:42:18","slug":"lattafa-noble-blush-100-ml","status":"publish","type":"product","link":"https:\/\/www.dubaiessences.re\/index.php\/product\/lattafa-noble-blush-100-ml\/","title":{"rendered":"LATTAFA Noble Blush 100 ML"},"content":{"rendered":"","protected":false},"excerpt":{"rendered":"<p>Derni\u00e8re sortie de la gamme Bade&#8217;e Al Oud, cette fois Lattafa nous propose un parfum floral d\u00e9licat sur une base de rose lact\u00e9e \u00e0 laquelle s&#8217;ajoute un accord de meringue.<br \/>\nUn parfum qui s\u00e9duira toutes celles qui aiment le confort d&#8217;une senteur suave, gourmande et velout\u00e9e.<\/p>\n<p>&nbsp;<\/p>\n<p>&nbsp;<\/p>\n<p><strong>T\u00eate<\/strong>: Rose, Accord Lact\u00e9<br \/>\n<strong>C\u0153ur<\/strong>: Amande, Accord Meringue<br \/>\n<strong>Fond<\/strong>:\u00a0 Santal, Musc, Vanille<\/p>\n<p>&nbsp;<\/p>\n<p>Eau de parfum pour femme 100 ML<\/p>\n","protected":false},"featured_media":6178,"comment_status":"open","ping_status":"closed","template":"","meta":[],"product_brand":[],"product_cat":[117,76,123,124],"product_tag":[121],"class_list":{"0":"post-6177","1":"product","2":"type-product","3":"status-publish","4":"has-post-thumbnail","6":"product_cat-femme","7":"product_cat-fleuri","8":"product_cat-gourmand","9":"product_cat-musc","10":"product_tag-lattafa","12":"first","13":"instock","14":"taxable","15":"shipping-taxable","16":"purchasable","17":"product-type-simple"},"_links":{"self":[{"href":"https:\/\/www.dubaiessences.re\/index.php\/wp-json\/wp\/v2\/product\/6177","targetHints":{"allow":["GET"]}}],"collection":[{"href":"https:\/\/www.dubaiessences.re\/index.php\/wp-json\/wp\/v2\/product"}],"about":[{"href":"https:\/\/www.dubaiessences.re\/index.php\/wp-json\/wp\/v2\/types\/product"}],"replies":[{"embeddable":true,"href":"https:\/\/www.dubaiessences.re\/index.php\/wp-json\/wp\/v2\/comments?post=6177"}],"wp:featuredmedia":[{"embeddable":true,"href":"https:\/\/www.dubaiessences.re\/index.php\/wp-json\/wp\/v2\/media\/6178"}],"wp:attachment":[{"href":"https:\/\/www.dubaiessences.re\/index.php\/wp-json\/wp\/v2\/media?parent=6177"}],"wp:term":[{"taxonomy":"product_brand","embeddable":true,"href":"https:\/\/www.dubaiessences.re\/index.php\/wp-json\/wp\/v2\/product_brand?post=6177"},{"taxonomy":"product_cat","embeddable":true,"href":"https:\/\/www.dubaiessences.re\/index.php\/wp-json\/wp\/v2\/product_cat?post=6177"},{"taxonomy":"product_tag","embeddable":true,"href":"https:\/\/www.dubaiessences.re\/index.php\/wp-json\/wp\/v2\/product_tag?post=6177"}],"curies":[{"name":"wp","href":"https:\/\/api.w.org\/{rel}","templated":true}]}}