{"id":6140,"date":"2024-09-24T09:53:01","date_gmt":"2024-09-24T05:53:01","guid":{"rendered":"https:\/\/www.dubaiessences.re\/?post_type=product&#038;p=6140"},"modified":"2025-03-26T17:48:59","modified_gmt":"2025-03-26T13:48:59","slug":"el-nabil-oud-bakhoor-100g","status":"publish","type":"product","link":"https:\/\/www.dubaiessences.re\/index.php\/product\/el-nabil-oud-bakhoor-100g\/","title":{"rendered":"EL NABIL Oud Bakhoor 100g"},"content":{"rendered":"","protected":false},"excerpt":{"rendered":"<p>Parfumez votre maison selon la tradition avec l&#8217;encens Oud Bakhoor de El Nabil.<br \/>\n Une senteur riche aux notes de oud et de r\u00e9sine avec une touche de fraicheur florale et citronn\u00e9e.<\/p>\n<p>&nbsp;<\/p>\n<p> Notes olfactives: Oud, Bois\u00e9es, Encens, Epic\u00e9es, Florales.<\/p>\n<p>&nbsp;<br \/>\nConseils d&#8217;utilisation:<\/p>\n<p>&nbsp;<br \/>\nParfum d&#8217;ambiance \u00e0 utiliser dans un encensoir adapt\u00e9, avec du charbon ou \u00e9lectrique pour une diffusion plus lente.<\/p>\n<p>&nbsp;<br \/>\nBoite de 100g<\/p>\n","protected":false},"featured_media":6141,"comment_status":"open","ping_status":"closed","template":"","meta":[],"product_brand":[],"product_cat":[74,75,76,78,114,125],"product_tag":[127],"class_list":{"0":"post-6140","1":"product","2":"type-product","3":"status-publish","4":"has-post-thumbnail","6":"product_cat-boise","7":"product_cat-epice","8":"product_cat-fleuri","9":"product_cat-hesperide","10":"product_cat-nos-parfums-dinterieur","11":"product_cat-oud","12":"product_tag-el-nabil","14":"first","15":"instock","16":"taxable","17":"shipping-taxable","18":"purchasable","19":"product-type-simple"},"_links":{"self":[{"href":"https:\/\/www.dubaiessences.re\/index.php\/wp-json\/wp\/v2\/product\/6140","targetHints":{"allow":["GET"]}}],"collection":[{"href":"https:\/\/www.dubaiessences.re\/index.php\/wp-json\/wp\/v2\/product"}],"about":[{"href":"https:\/\/www.dubaiessences.re\/index.php\/wp-json\/wp\/v2\/types\/product"}],"replies":[{"embeddable":true,"href":"https:\/\/www.dubaiessences.re\/index.php\/wp-json\/wp\/v2\/comments?post=6140"}],"wp:featuredmedia":[{"embeddable":true,"href":"https:\/\/www.dubaiessences.re\/index.php\/wp-json\/wp\/v2\/media\/6141"}],"wp:attachment":[{"href":"https:\/\/www.dubaiessences.re\/index.php\/wp-json\/wp\/v2\/media?parent=6140"}],"wp:term":[{"taxonomy":"product_brand","embeddable":true,"href":"https:\/\/www.dubaiessences.re\/index.php\/wp-json\/wp\/v2\/product_brand?post=6140"},{"taxonomy":"product_cat","embeddable":true,"href":"https:\/\/www.dubaiessences.re\/index.php\/wp-json\/wp\/v2\/product_cat?post=6140"},{"taxonomy":"product_tag","embeddable":true,"href":"https:\/\/www.dubaiessences.re\/index.php\/wp-json\/wp\/v2\/product_tag?post=6140"}],"curies":[{"name":"wp","href":"https:\/\/api.w.org\/{rel}","templated":true}]}}