{"id":6035,"date":"2024-09-15T20:46:03","date_gmt":"2024-09-15T16:46:03","guid":{"rendered":"https:\/\/www.dubaiessences.re\/?post_type=product&#038;p=6035"},"modified":"2025-09-25T21:34:34","modified_gmt":"2025-09-25T17:34:34","slug":"el-nabil-musc-tahara-spray-dinterieur-350ml","status":"publish","type":"product","link":"https:\/\/www.dubaiessences.re\/index.php\/product\/el-nabil-musc-tahara-spray-dinterieur-350ml\/","title":{"rendered":"EL NABIL Musc Tahara Spray d&#8217;int\u00e9rieur 350ML"},"content":{"rendered":"","protected":false},"excerpt":{"rendered":"<p>La senteur l\u00e9g\u00e8re, soyeuse et rassurante du musc tahara disponible en version spray d&#8217;ambiance.<\/p>\n<p>&nbsp;<\/p>\n<p> Notes olfactives: Fleur de coton, Jasmin, Muguet, Musc blanc.<\/p>\n<p>&nbsp;<\/p>\n<p>Parfum d&#8217;ambiance \u00e0 utiliser sur vos tapis, sofa, rideaux etc&#8230; pour rafraichir et parfumer durablement vos espaces int\u00e9rieurs.<br \/>\nBien lire les instructions avant utilisation, ne pas utiliser pour le corps ou les v\u00eatements.<br \/>\n&nbsp;<br \/>\nParfum en alcool 350ML<\/p>\n","protected":false},"featured_media":6036,"comment_status":"open","ping_status":"closed","template":"","meta":[],"product_brand":[],"product_cat":[76,78,124,114],"product_tag":[127],"class_list":{"0":"post-6035","1":"product","2":"type-product","3":"status-publish","4":"has-post-thumbnail","6":"product_cat-fleuri","7":"product_cat-hesperide","8":"product_cat-musc","9":"product_cat-nos-parfums-dinterieur","10":"product_tag-el-nabil","12":"first","13":"instock","14":"taxable","15":"shipping-taxable","16":"purchasable","17":"product-type-simple"},"_links":{"self":[{"href":"https:\/\/www.dubaiessences.re\/index.php\/wp-json\/wp\/v2\/product\/6035","targetHints":{"allow":["GET"]}}],"collection":[{"href":"https:\/\/www.dubaiessences.re\/index.php\/wp-json\/wp\/v2\/product"}],"about":[{"href":"https:\/\/www.dubaiessences.re\/index.php\/wp-json\/wp\/v2\/types\/product"}],"replies":[{"embeddable":true,"href":"https:\/\/www.dubaiessences.re\/index.php\/wp-json\/wp\/v2\/comments?post=6035"}],"wp:featuredmedia":[{"embeddable":true,"href":"https:\/\/www.dubaiessences.re\/index.php\/wp-json\/wp\/v2\/media\/6036"}],"wp:attachment":[{"href":"https:\/\/www.dubaiessences.re\/index.php\/wp-json\/wp\/v2\/media?parent=6035"}],"wp:term":[{"taxonomy":"product_brand","embeddable":true,"href":"https:\/\/www.dubaiessences.re\/index.php\/wp-json\/wp\/v2\/product_brand?post=6035"},{"taxonomy":"product_cat","embeddable":true,"href":"https:\/\/www.dubaiessences.re\/index.php\/wp-json\/wp\/v2\/product_cat?post=6035"},{"taxonomy":"product_tag","embeddable":true,"href":"https:\/\/www.dubaiessences.re\/index.php\/wp-json\/wp\/v2\/product_tag?post=6035"}],"curies":[{"name":"wp","href":"https:\/\/api.w.org\/{rel}","templated":true}]}}