{"id":6006,"date":"2024-08-31T10:51:21","date_gmt":"2024-08-31T06:51:21","guid":{"rendered":"https:\/\/www.dubaiessences.re\/?post_type=product&#038;p=6006"},"modified":"2026-03-27T18:47:04","modified_gmt":"2026-03-27T14:47:04","slug":"asdaaf-ameerat-al-arab-prive-rose-100-ml","status":"publish","type":"product","link":"https:\/\/www.dubaiessences.re\/index.php\/product\/asdaaf-ameerat-al-arab-prive-rose-100-ml\/","title":{"rendered":"ASDAAF Ameerat Al Arab Priv\u00e9 Rose 100 ML"},"content":{"rendered":"","protected":false},"excerpt":{"rendered":"<p>Ameerat Al Arab Priv\u00e9 Rose, la version &#8220;Rose&#8221; du Ameerat met en avant cette fleur \u00e9nigmatique et passionnante.<\/p>\n<p>Habill\u00e9 par des notes de fruits rouges et une touche zest\u00e9e de bergamote ce parfum intense \u00e9volue vers des notes bois\u00e9es d\u00e9licates.<\/p>\n<p>&nbsp;<\/p>\n<p><strong>T\u00eate<\/strong>: Bergamote, Fraise, Litchis<br \/>\n<strong>Coeur<\/strong>: Rose, Muguet, Ylang-Ylang<br \/>\n<strong>Fond<\/strong>: Musc, Ambre, Santal<\/p>\n<p>&nbsp;<\/p>\n<p>Eau de parfum pour femme 100 ML<\/p>\n","protected":false},"featured_media":6204,"comment_status":"open","ping_status":"closed","template":"","meta":[],"product_brand":[],"product_cat":[74,117,76,77],"product_tag":[121],"class_list":{"0":"post-6006","1":"product","2":"type-product","3":"status-publish","4":"has-post-thumbnail","6":"product_cat-boise","7":"product_cat-femme","8":"product_cat-fleuri","9":"product_cat-fruite","10":"product_tag-lattafa","12":"first","13":"instock","14":"taxable","15":"shipping-taxable","16":"purchasable","17":"product-type-simple"},"_links":{"self":[{"href":"https:\/\/www.dubaiessences.re\/index.php\/wp-json\/wp\/v2\/product\/6006","targetHints":{"allow":["GET"]}}],"collection":[{"href":"https:\/\/www.dubaiessences.re\/index.php\/wp-json\/wp\/v2\/product"}],"about":[{"href":"https:\/\/www.dubaiessences.re\/index.php\/wp-json\/wp\/v2\/types\/product"}],"replies":[{"embeddable":true,"href":"https:\/\/www.dubaiessences.re\/index.php\/wp-json\/wp\/v2\/comments?post=6006"}],"wp:featuredmedia":[{"embeddable":true,"href":"https:\/\/www.dubaiessences.re\/index.php\/wp-json\/wp\/v2\/media\/6204"}],"wp:attachment":[{"href":"https:\/\/www.dubaiessences.re\/index.php\/wp-json\/wp\/v2\/media?parent=6006"}],"wp:term":[{"taxonomy":"product_brand","embeddable":true,"href":"https:\/\/www.dubaiessences.re\/index.php\/wp-json\/wp\/v2\/product_brand?post=6006"},{"taxonomy":"product_cat","embeddable":true,"href":"https:\/\/www.dubaiessences.re\/index.php\/wp-json\/wp\/v2\/product_cat?post=6006"},{"taxonomy":"product_tag","embeddable":true,"href":"https:\/\/www.dubaiessences.re\/index.php\/wp-json\/wp\/v2\/product_tag?post=6006"}],"curies":[{"name":"wp","href":"https:\/\/api.w.org\/{rel}","templated":true}]}}