{"id":5890,"date":"2024-03-16T10:28:51","date_gmt":"2024-03-16T06:28:51","guid":{"rendered":"https:\/\/www.dubaiessences.re\/?post_type=product&#038;p=5890"},"modified":"2025-09-25T21:37:54","modified_gmt":"2025-09-25T17:37:54","slug":"al-haramain-sandalwood-maal-attar-60g","status":"publish","type":"product","link":"https:\/\/www.dubaiessences.re\/index.php\/product\/al-haramain-sandalwood-maal-attar-60g\/","title":{"rendered":"AL HARAMAIN  Sandalwood Ma&#8217;al Attar 60g"},"content":{"rendered":"","protected":false},"excerpt":{"rendered":"<p>Le santal, l&#8217;une des mati\u00e8res les plus embl\u00e9matiques de la parfumerie orientale.<br \/>\nUtilis\u00e9 depuis des mill\u00e9naires cet arbre renferme une essence inimitable, d\u00e9licatement bois\u00e9e, lact\u00e9e et tr\u00e8s persistante.<br \/>\nSandalwood Maal Attar est un m\u00e9lange d&#8217;huiles de parfum sur une base de bois de santal, embaumez votre maison et vos tissus avec cette senteur puissante et subtile \u00e0 la fois.<\/p>\n<p>&nbsp;<\/p>\n<p>Conseils d&#8217;utilisation:<\/p>\n<p>Parfum d&#8217;ambiance \u00e0 utiliser dans un encensoir adapt\u00e9, avec du charbon ou \u00e9lectrique pour une diffusion plus lente.<\/p>\n<p>60g<\/p>\n","protected":false},"featured_media":5891,"comment_status":"open","ping_status":"closed","template":"","meta":[],"product_brand":[],"product_cat":[72,74,75,114],"product_tag":[79],"class_list":{"0":"post-5890","1":"product","2":"type-product","3":"status-publish","4":"has-post-thumbnail","6":"product_cat-ambre","7":"product_cat-boise","8":"product_cat-epice","9":"product_cat-nos-parfums-dinterieur","10":"product_tag-al-haramain","12":"first","13":"instock","14":"taxable","15":"shipping-taxable","16":"purchasable","17":"product-type-simple"},"_links":{"self":[{"href":"https:\/\/www.dubaiessences.re\/index.php\/wp-json\/wp\/v2\/product\/5890","targetHints":{"allow":["GET"]}}],"collection":[{"href":"https:\/\/www.dubaiessences.re\/index.php\/wp-json\/wp\/v2\/product"}],"about":[{"href":"https:\/\/www.dubaiessences.re\/index.php\/wp-json\/wp\/v2\/types\/product"}],"replies":[{"embeddable":true,"href":"https:\/\/www.dubaiessences.re\/index.php\/wp-json\/wp\/v2\/comments?post=5890"}],"wp:featuredmedia":[{"embeddable":true,"href":"https:\/\/www.dubaiessences.re\/index.php\/wp-json\/wp\/v2\/media\/5891"}],"wp:attachment":[{"href":"https:\/\/www.dubaiessences.re\/index.php\/wp-json\/wp\/v2\/media?parent=5890"}],"wp:term":[{"taxonomy":"product_brand","embeddable":true,"href":"https:\/\/www.dubaiessences.re\/index.php\/wp-json\/wp\/v2\/product_brand?post=5890"},{"taxonomy":"product_cat","embeddable":true,"href":"https:\/\/www.dubaiessences.re\/index.php\/wp-json\/wp\/v2\/product_cat?post=5890"},{"taxonomy":"product_tag","embeddable":true,"href":"https:\/\/www.dubaiessences.re\/index.php\/wp-json\/wp\/v2\/product_tag?post=5890"}],"curies":[{"name":"wp","href":"https:\/\/api.w.org\/{rel}","templated":true}]}}