{"id":5824,"date":"2024-02-01T14:31:24","date_gmt":"2024-02-01T10:31:24","guid":{"rendered":"https:\/\/www.dubaiessences.re\/?post_type=product&#038;p=5824"},"modified":"2025-06-17T20:30:34","modified_gmt":"2025-06-17T16:30:34","slug":"al-haramain-delicate-24-ml","status":"publish","type":"product","link":"https:\/\/www.dubaiessences.re\/index.php\/product\/al-haramain-delicate-24-ml\/","title":{"rendered":"AL HARAMAIN Delicate 24 ML"},"content":{"rendered":"","protected":false},"excerpt":{"rendered":"<p>Un voile doux et l\u00e9ger se pose sur votre peau.<br \/>\nL&#8217;huile de parfum &#8220;D\u00e9licate&#8221;, est compos\u00e9e de notes de fruits rouges, de lilas et de fleurs blanches. Elles sont associ\u00e9s \u00e0 la violette et au musc pour vous procurer un effet poudr\u00e9 charmant et agr\u00e9able.<\/p>\n<p>&nbsp;<\/p>\n<p><strong>T\u00eate<\/strong>: Fruits Rouges, Violette, Canelle<br \/>\n<strong>Coeur<\/strong>: Pivoine, Muguet, Tub\u00e9reuse<br \/>\n<strong>Fond<\/strong>: Musc, Cassis, Lilas<\/p>\n<p>&nbsp;<\/p>\n<p>Huile sans alcool 24 ML<\/p>\n","protected":false},"featured_media":5825,"comment_status":"open","ping_status":"closed","template":"","meta":[],"product_brand":[],"product_cat":[117,76,77,118],"product_tag":[79],"class_list":{"0":"post-5824","1":"product","2":"type-product","3":"status-publish","4":"has-post-thumbnail","6":"product_cat-femme","7":"product_cat-fleuri","8":"product_cat-fruite","9":"product_cat-huiles-concentrees","10":"product_tag-al-haramain","12":"first","13":"outofstock","14":"taxable","15":"shipping-taxable","16":"purchasable","17":"product-type-simple"},"_links":{"self":[{"href":"https:\/\/www.dubaiessences.re\/index.php\/wp-json\/wp\/v2\/product\/5824","targetHints":{"allow":["GET"]}}],"collection":[{"href":"https:\/\/www.dubaiessences.re\/index.php\/wp-json\/wp\/v2\/product"}],"about":[{"href":"https:\/\/www.dubaiessences.re\/index.php\/wp-json\/wp\/v2\/types\/product"}],"replies":[{"embeddable":true,"href":"https:\/\/www.dubaiessences.re\/index.php\/wp-json\/wp\/v2\/comments?post=5824"}],"wp:featuredmedia":[{"embeddable":true,"href":"https:\/\/www.dubaiessences.re\/index.php\/wp-json\/wp\/v2\/media\/5825"}],"wp:attachment":[{"href":"https:\/\/www.dubaiessences.re\/index.php\/wp-json\/wp\/v2\/media?parent=5824"}],"wp:term":[{"taxonomy":"product_brand","embeddable":true,"href":"https:\/\/www.dubaiessences.re\/index.php\/wp-json\/wp\/v2\/product_brand?post=5824"},{"taxonomy":"product_cat","embeddable":true,"href":"https:\/\/www.dubaiessences.re\/index.php\/wp-json\/wp\/v2\/product_cat?post=5824"},{"taxonomy":"product_tag","embeddable":true,"href":"https:\/\/www.dubaiessences.re\/index.php\/wp-json\/wp\/v2\/product_tag?post=5824"}],"curies":[{"name":"wp","href":"https:\/\/api.w.org\/{rel}","templated":true}]}}