{"id":5815,"date":"2024-01-30T21:33:29","date_gmt":"2024-01-30T17:33:29","guid":{"rendered":"https:\/\/www.dubaiessences.re\/?post_type=product&#038;p=5815"},"modified":"2026-03-28T18:52:29","modified_gmt":"2026-03-28T14:52:29","slug":"asdaaf-ameerat-al-arab-100-ml","status":"publish","type":"product","link":"https:\/\/www.dubaiessences.re\/index.php\/product\/asdaaf-ameerat-al-arab-100-ml\/","title":{"rendered":"ASDAAF Ameerat Al Arab 100 ML"},"content":{"rendered":"","protected":false},"excerpt":{"rendered":"<p>Ameerat Al Arab &#8220;La Princesse d&#8217;Arabie &#8221; est une eau de parfum empreinte d&#8217;\u00e9l\u00e9gance et de prestige.<br \/>\nL&#8217;\u00e9quilibre entre la l\u00e9g\u00e8ret\u00e9 des agrumes p\u00e9tillants et la consistance des fleurs blanches, s\u00e9ductrices et ent\u00eatantes.<\/p>\n<p>&nbsp;<\/p>\n<p><strong>T\u00eate<\/strong>: Agrumes, Bergamote<br \/>\n<strong>Coeur<\/strong>: Jasmin, Fleur d&#8217;Oranger<br \/>\n<strong>Fond<\/strong>: Musc, Notes Bois\u00e9es<\/p>\n<p>&nbsp;<\/p>\n<p>Eau de parfum 100 ML<\/p>\n","protected":false},"featured_media":5816,"comment_status":"open","ping_status":"closed","template":"","meta":[],"product_brand":[],"product_cat":[111,74,117,76,78],"product_tag":[121],"class_list":{"0":"post-5815","1":"product","2":"type-product","3":"status-publish","4":"has-post-thumbnail","6":"product_cat-best-sellers","7":"product_cat-boise","8":"product_cat-femme","9":"product_cat-fleuri","10":"product_cat-hesperide","11":"product_tag-lattafa","13":"first","14":"instock","15":"taxable","16":"shipping-taxable","17":"purchasable","18":"product-type-simple"},"_links":{"self":[{"href":"https:\/\/www.dubaiessences.re\/index.php\/wp-json\/wp\/v2\/product\/5815","targetHints":{"allow":["GET"]}}],"collection":[{"href":"https:\/\/www.dubaiessences.re\/index.php\/wp-json\/wp\/v2\/product"}],"about":[{"href":"https:\/\/www.dubaiessences.re\/index.php\/wp-json\/wp\/v2\/types\/product"}],"replies":[{"embeddable":true,"href":"https:\/\/www.dubaiessences.re\/index.php\/wp-json\/wp\/v2\/comments?post=5815"}],"wp:featuredmedia":[{"embeddable":true,"href":"https:\/\/www.dubaiessences.re\/index.php\/wp-json\/wp\/v2\/media\/5816"}],"wp:attachment":[{"href":"https:\/\/www.dubaiessences.re\/index.php\/wp-json\/wp\/v2\/media?parent=5815"}],"wp:term":[{"taxonomy":"product_brand","embeddable":true,"href":"https:\/\/www.dubaiessences.re\/index.php\/wp-json\/wp\/v2\/product_brand?post=5815"},{"taxonomy":"product_cat","embeddable":true,"href":"https:\/\/www.dubaiessences.re\/index.php\/wp-json\/wp\/v2\/product_cat?post=5815"},{"taxonomy":"product_tag","embeddable":true,"href":"https:\/\/www.dubaiessences.re\/index.php\/wp-json\/wp\/v2\/product_tag?post=5815"}],"curies":[{"name":"wp","href":"https:\/\/api.w.org\/{rel}","templated":true}]}}