{"id":5812,"date":"2024-01-29T21:54:10","date_gmt":"2024-01-29T17:54:10","guid":{"rendered":"https:\/\/www.dubaiessences.re\/?post_type=product&#038;p=5812"},"modified":"2026-03-18T09:23:13","modified_gmt":"2026-03-18T05:23:13","slug":"lattafa-khamrah-100-ml","status":"publish","type":"product","link":"https:\/\/www.dubaiessences.re\/index.php\/product\/lattafa-khamrah-100-ml\/","title":{"rendered":"LATTAFA Khamrah 100 ML"},"content":{"rendered":"","protected":false},"excerpt":{"rendered":"<p>Avec son arome de date, ses \u00e9pices chaudes et son profil liquoreux et enivrant, Khamrah est un philtre myst\u00e9rieux qui vous apporte charisme et r\u00e9confort.<br \/>\nQuelques facettes florales et un fond ambr\u00e9 doux, laissez vous entra\u00eener dans son sillage affirm\u00e9.<\/p>\n<p>Parfum mixte<\/p>\n<p>&nbsp;<\/p>\n<p><strong>T\u00eate<\/strong>: Muscade, Cannelle, Bergamote<br \/>\n<strong>Coeur<\/strong>: Date, Praline, Tub\u00e9reuse<br \/>\n<strong>Fond<\/strong>: F\u00e8ve Tonka, Benjoin, Myrrhe, Vanille<\/p>\n<p>&nbsp;<\/p>\n<p>Eau de parfum 100 ML<\/p>\n","protected":false},"featured_media":6202,"comment_status":"open","ping_status":"closed","template":"","meta":[],"product_brand":[],"product_cat":[72,111,75,117,123,116],"product_tag":[121],"class_list":{"0":"post-5812","1":"product","2":"type-product","3":"status-publish","4":"has-post-thumbnail","6":"product_cat-ambre","7":"product_cat-best-sellers","8":"product_cat-epice","9":"product_cat-femme","10":"product_cat-gourmand","11":"product_cat-homme","12":"product_tag-lattafa","14":"first","15":"instock","16":"taxable","17":"shipping-taxable","18":"purchasable","19":"product-type-simple"},"_links":{"self":[{"href":"https:\/\/www.dubaiessences.re\/index.php\/wp-json\/wp\/v2\/product\/5812","targetHints":{"allow":["GET"]}}],"collection":[{"href":"https:\/\/www.dubaiessences.re\/index.php\/wp-json\/wp\/v2\/product"}],"about":[{"href":"https:\/\/www.dubaiessences.re\/index.php\/wp-json\/wp\/v2\/types\/product"}],"replies":[{"embeddable":true,"href":"https:\/\/www.dubaiessences.re\/index.php\/wp-json\/wp\/v2\/comments?post=5812"}],"wp:featuredmedia":[{"embeddable":true,"href":"https:\/\/www.dubaiessences.re\/index.php\/wp-json\/wp\/v2\/media\/6202"}],"wp:attachment":[{"href":"https:\/\/www.dubaiessences.re\/index.php\/wp-json\/wp\/v2\/media?parent=5812"}],"wp:term":[{"taxonomy":"product_brand","embeddable":true,"href":"https:\/\/www.dubaiessences.re\/index.php\/wp-json\/wp\/v2\/product_brand?post=5812"},{"taxonomy":"product_cat","embeddable":true,"href":"https:\/\/www.dubaiessences.re\/index.php\/wp-json\/wp\/v2\/product_cat?post=5812"},{"taxonomy":"product_tag","embeddable":true,"href":"https:\/\/www.dubaiessences.re\/index.php\/wp-json\/wp\/v2\/product_tag?post=5812"}],"curies":[{"name":"wp","href":"https:\/\/api.w.org\/{rel}","templated":true}]}}