{"id":5714,"date":"2023-09-07T19:52:35","date_gmt":"2023-09-07T15:52:35","guid":{"rendered":"https:\/\/www.dubaiessences.re\/?post_type=product&#038;p=5714"},"modified":"2026-03-28T18:53:55","modified_gmt":"2026-03-28T14:53:55","slug":"pack-de-8-echantillons-bon-dachat-8e","status":"publish","type":"product","link":"https:\/\/www.dubaiessences.re\/index.php\/product\/pack-de-8-echantillons-bon-dachat-8e\/","title":{"rendered":"Pack de 8 \u00c9chantillons-Bon d&#8217;achat 8\u20ac*"},"content":{"rendered":"","protected":false},"excerpt":{"rendered":"<p><strong>Vous pouvez commander des kits d&#8217;\u00e9chantillons afin de prendre le temps de d\u00e9couvrir nos parfums.<\/strong><\/p>\n<p>&nbsp;<\/p>\n<p>S\u00e9lectionnez 8 \u00e9chantillons ci-dessous et recevez une r\u00e9duction de<strong> 8 euros sur votre prochaine commande.<\/strong><\/p>\n<p>&nbsp;<\/p>\n<p>\u00c9chantillons de 2 ML en spray rechargeable, sauf pour les huiles concentr\u00e9es(1ML).<\/p>\n<p>&nbsp;<\/p>\n<p>*Valable 6 mois<\/p>\n<p>&nbsp;<\/p>\n","protected":false},"featured_media":5728,"comment_status":"open","ping_status":"closed","template":"","meta":[],"product_brand":[],"product_cat":[112],"product_tag":[],"class_list":{"0":"post-5714","1":"product","2":"type-product","3":"status-publish","4":"has-post-thumbnail","6":"product_cat-echantillons","8":"first","9":"outofstock","10":"taxable","11":"shipping-taxable","12":"purchasable","13":"product-type-variable"},"_links":{"self":[{"href":"https:\/\/www.dubaiessences.re\/index.php\/wp-json\/wp\/v2\/product\/5714","targetHints":{"allow":["GET"]}}],"collection":[{"href":"https:\/\/www.dubaiessences.re\/index.php\/wp-json\/wp\/v2\/product"}],"about":[{"href":"https:\/\/www.dubaiessences.re\/index.php\/wp-json\/wp\/v2\/types\/product"}],"replies":[{"embeddable":true,"href":"https:\/\/www.dubaiessences.re\/index.php\/wp-json\/wp\/v2\/comments?post=5714"}],"wp:featuredmedia":[{"embeddable":true,"href":"https:\/\/www.dubaiessences.re\/index.php\/wp-json\/wp\/v2\/media\/5728"}],"wp:attachment":[{"href":"https:\/\/www.dubaiessences.re\/index.php\/wp-json\/wp\/v2\/media?parent=5714"}],"wp:term":[{"taxonomy":"product_brand","embeddable":true,"href":"https:\/\/www.dubaiessences.re\/index.php\/wp-json\/wp\/v2\/product_brand?post=5714"},{"taxonomy":"product_cat","embeddable":true,"href":"https:\/\/www.dubaiessences.re\/index.php\/wp-json\/wp\/v2\/product_cat?post=5714"},{"taxonomy":"product_tag","embeddable":true,"href":"https:\/\/www.dubaiessences.re\/index.php\/wp-json\/wp\/v2\/product_tag?post=5714"}],"curies":[{"name":"wp","href":"https:\/\/api.w.org\/{rel}","templated":true}]}}