{"id":5688,"date":"2023-08-17T13:53:23","date_gmt":"2023-08-17T09:53:23","guid":{"rendered":"https:\/\/www.dubaiessences.re\/?post_type=product&#038;p=5688"},"modified":"2025-02-18T23:20:17","modified_gmt":"2025-02-18T19:20:17","slug":"al-haramain-tanasuk-100-ml","status":"publish","type":"product","link":"https:\/\/www.dubaiessences.re\/index.php\/product\/al-haramain-tanasuk-100-ml\/","title":{"rendered":"AL HARAMAIN  Tanasuk  100 ML"},"content":{"rendered":"","protected":false},"excerpt":{"rendered":"<p>Eau de parfum suave et envoutante Tanasuk est compos\u00e9e d&#8217;un accord de rose, de vanille et de safran.<\/p>\n<p>Son parfum ambr\u00e9-floral s\u00e9duit autant les femmes que les hommes et vous procure bien \u00eatre et s\u00e9r\u00e9nit\u00e9.<\/p>\n<p>Existe aussi en huile concentr\u00e9e.<\/p>\n<p>&nbsp;<\/p>\n<p>Eau de parfum 100ML<\/p>\n<p>&nbsp;<\/p>\n<p><strong>T\u00eate<\/strong>: Rose, Grenadine, Safran<br \/>\n<strong>Coeur<\/strong>: Ambre, Jasmin<br \/>\n<strong>Fond<\/strong>: Sucre Roux, Vanille, Caf\u00e9, Musc<\/p>\n","protected":false},"featured_media":5689,"comment_status":"open","ping_status":"closed","template":"","meta":[],"product_brand":[],"product_cat":[72,117,76,77,116],"product_tag":[79],"class_list":{"0":"post-5688","1":"product","2":"type-product","3":"status-publish","4":"has-post-thumbnail","6":"product_cat-ambre","7":"product_cat-femme","8":"product_cat-fleuri","9":"product_cat-fruite","10":"product_cat-homme","11":"product_tag-al-haramain","13":"first","14":"instock","15":"taxable","16":"shipping-taxable","17":"purchasable","18":"product-type-simple"},"_links":{"self":[{"href":"https:\/\/www.dubaiessences.re\/index.php\/wp-json\/wp\/v2\/product\/5688","targetHints":{"allow":["GET"]}}],"collection":[{"href":"https:\/\/www.dubaiessences.re\/index.php\/wp-json\/wp\/v2\/product"}],"about":[{"href":"https:\/\/www.dubaiessences.re\/index.php\/wp-json\/wp\/v2\/types\/product"}],"replies":[{"embeddable":true,"href":"https:\/\/www.dubaiessences.re\/index.php\/wp-json\/wp\/v2\/comments?post=5688"}],"wp:featuredmedia":[{"embeddable":true,"href":"https:\/\/www.dubaiessences.re\/index.php\/wp-json\/wp\/v2\/media\/5689"}],"wp:attachment":[{"href":"https:\/\/www.dubaiessences.re\/index.php\/wp-json\/wp\/v2\/media?parent=5688"}],"wp:term":[{"taxonomy":"product_brand","embeddable":true,"href":"https:\/\/www.dubaiessences.re\/index.php\/wp-json\/wp\/v2\/product_brand?post=5688"},{"taxonomy":"product_cat","embeddable":true,"href":"https:\/\/www.dubaiessences.re\/index.php\/wp-json\/wp\/v2\/product_cat?post=5688"},{"taxonomy":"product_tag","embeddable":true,"href":"https:\/\/www.dubaiessences.re\/index.php\/wp-json\/wp\/v2\/product_tag?post=5688"}],"curies":[{"name":"wp","href":"https:\/\/api.w.org\/{rel}","templated":true}]}}