{"id":5667,"date":"2023-06-21T10:41:42","date_gmt":"2023-06-21T06:41:42","guid":{"rendered":"https:\/\/www.dubaiessences.re\/?post_type=product&#038;p=5667"},"modified":"2025-11-20T09:02:05","modified_gmt":"2025-11-20T05:02:05","slug":"al-haramain-oyuni-20-ml","status":"publish","type":"product","link":"https:\/\/www.dubaiessences.re\/index.php\/product\/al-haramain-oyuni-20-ml\/","title":{"rendered":"AL HARAMAIN  Oyuni 20 ML"},"content":{"rendered":"","protected":false},"excerpt":{"rendered":"<p>Une d\u00e9licate composition fruit\u00e9e pos\u00e9e sur un fond sensuel de tabac et de patchouli, Oyuni allie la tradition et la modernit\u00e9.<\/p>\n<p>D\u00e9vissez doucement le flacon unique en son genre, objet d&#8217;art en lui m\u00eame et laissez vous surprendre par l&#8217;originalit\u00e9 d&#8217;un parfum atypique.<\/p>\n<p>&nbsp;<\/p>\n<p><strong>T\u00eate<\/strong>: Rose, Ananas, Bergamote<br \/>\n<strong>Coeur<\/strong>: Pomme, P\u00eache, Freesia<br \/>\n<strong>Fond<\/strong>: Tabac, Patchouli, Notes Sucr\u00e9es<\/p>\n<p>&nbsp;<\/p>\n<p>Huile concentr\u00e9e sans alcool 20 ML<\/p>\n","protected":false},"featured_media":6320,"comment_status":"open","ping_status":"closed","template":"","meta":[],"product_brand":[],"product_cat":[72,74,117,77,116,118],"product_tag":[79],"class_list":{"0":"post-5667","1":"product","2":"type-product","3":"status-publish","4":"has-post-thumbnail","6":"product_cat-ambre","7":"product_cat-boise","8":"product_cat-femme","9":"product_cat-fruite","10":"product_cat-homme","11":"product_cat-huiles-concentrees","12":"product_tag-al-haramain","14":"first","15":"outofstock","16":"taxable","17":"shipping-taxable","18":"purchasable","19":"product-type-simple"},"_links":{"self":[{"href":"https:\/\/www.dubaiessences.re\/index.php\/wp-json\/wp\/v2\/product\/5667","targetHints":{"allow":["GET"]}}],"collection":[{"href":"https:\/\/www.dubaiessences.re\/index.php\/wp-json\/wp\/v2\/product"}],"about":[{"href":"https:\/\/www.dubaiessences.re\/index.php\/wp-json\/wp\/v2\/types\/product"}],"replies":[{"embeddable":true,"href":"https:\/\/www.dubaiessences.re\/index.php\/wp-json\/wp\/v2\/comments?post=5667"}],"wp:featuredmedia":[{"embeddable":true,"href":"https:\/\/www.dubaiessences.re\/index.php\/wp-json\/wp\/v2\/media\/6320"}],"wp:attachment":[{"href":"https:\/\/www.dubaiessences.re\/index.php\/wp-json\/wp\/v2\/media?parent=5667"}],"wp:term":[{"taxonomy":"product_brand","embeddable":true,"href":"https:\/\/www.dubaiessences.re\/index.php\/wp-json\/wp\/v2\/product_brand?post=5667"},{"taxonomy":"product_cat","embeddable":true,"href":"https:\/\/www.dubaiessences.re\/index.php\/wp-json\/wp\/v2\/product_cat?post=5667"},{"taxonomy":"product_tag","embeddable":true,"href":"https:\/\/www.dubaiessences.re\/index.php\/wp-json\/wp\/v2\/product_tag?post=5667"}],"curies":[{"name":"wp","href":"https:\/\/api.w.org\/{rel}","templated":true}]}}