{"id":5666,"date":"2023-06-21T10:37:21","date_gmt":"2023-06-21T06:37:21","guid":{"rendered":"https:\/\/www.dubaiessences.re\/?post_type=product&#038;p=5666"},"modified":"2025-12-09T21:36:18","modified_gmt":"2025-12-09T17:36:18","slug":"lattafa-opulent-oud-100-ml","status":"publish","type":"product","link":"https:\/\/www.dubaiessences.re\/index.php\/product\/lattafa-opulent-oud-100-ml\/","title":{"rendered":"LATTAFA Opulent Oud 100 ML"},"content":{"rendered":"","protected":false},"excerpt":{"rendered":"<p>Opulent Oud est dans la ligne directe de la rencontre du oud et de la rose, c\u00e9l\u00e8bre au moyen orient depuis des si\u00e8cles, l&#8217;accord entre ces deux essences nobles est de plus en plus appr\u00e9ci\u00e9 dans le reste du monde.<\/p>\n<p>Lattafa vous en propose ici une belle version \u00e0 prix abordable, les facettes \u00e9pic\u00e9es de la rose sont relev\u00e9es avec une pointe de safran et de cannelle, quand au oud il appara\u00eet d\u00e8s le d\u00e9but, puissant, bois\u00e9, temp\u00e9r\u00e9 par des notes de c\u00e8dre et d&#8217;ambre.<\/p>\n<p>Un parfum mixte au style affirm\u00e9 qui ne laissera personne indiff\u00e9rent.<\/p>\n<p>&nbsp;<\/p>\n<p><strong>T\u00eate<\/strong>: Cannelle, Safran, Rose<br \/>\n<strong>Coeur<\/strong>: Rose, Oud<br \/>\n<strong>Fond<\/strong>: C\u00e8dre, Oud, Ambre<\/p>\n<p>&nbsp;<\/p>\n<p>Eau de parfum 100 ML<\/p>\n","protected":false},"featured_media":6317,"comment_status":"open","ping_status":"closed","template":"","meta":[],"product_brand":[],"product_cat":[72,74,75,117,76,116,125],"product_tag":[121],"class_list":{"0":"post-5666","1":"product","2":"type-product","3":"status-publish","4":"has-post-thumbnail","6":"product_cat-ambre","7":"product_cat-boise","8":"product_cat-epice","9":"product_cat-femme","10":"product_cat-fleuri","11":"product_cat-homme","12":"product_cat-oud","13":"product_tag-lattafa","15":"first","16":"outofstock","17":"taxable","18":"shipping-taxable","19":"purchasable","20":"product-type-simple"},"_links":{"self":[{"href":"https:\/\/www.dubaiessences.re\/index.php\/wp-json\/wp\/v2\/product\/5666","targetHints":{"allow":["GET"]}}],"collection":[{"href":"https:\/\/www.dubaiessences.re\/index.php\/wp-json\/wp\/v2\/product"}],"about":[{"href":"https:\/\/www.dubaiessences.re\/index.php\/wp-json\/wp\/v2\/types\/product"}],"replies":[{"embeddable":true,"href":"https:\/\/www.dubaiessences.re\/index.php\/wp-json\/wp\/v2\/comments?post=5666"}],"wp:featuredmedia":[{"embeddable":true,"href":"https:\/\/www.dubaiessences.re\/index.php\/wp-json\/wp\/v2\/media\/6317"}],"wp:attachment":[{"href":"https:\/\/www.dubaiessences.re\/index.php\/wp-json\/wp\/v2\/media?parent=5666"}],"wp:term":[{"taxonomy":"product_brand","embeddable":true,"href":"https:\/\/www.dubaiessences.re\/index.php\/wp-json\/wp\/v2\/product_brand?post=5666"},{"taxonomy":"product_cat","embeddable":true,"href":"https:\/\/www.dubaiessences.re\/index.php\/wp-json\/wp\/v2\/product_cat?post=5666"},{"taxonomy":"product_tag","embeddable":true,"href":"https:\/\/www.dubaiessences.re\/index.php\/wp-json\/wp\/v2\/product_tag?post=5666"}],"curies":[{"name":"wp","href":"https:\/\/api.w.org\/{rel}","templated":true}]}}