{"id":5662,"date":"2023-06-21T09:59:22","date_gmt":"2023-06-21T05:59:22","guid":{"rendered":"https:\/\/www.dubaiessences.re\/?post_type=product&#038;p=5662"},"modified":"2025-01-24T09:53:37","modified_gmt":"2025-01-24T05:53:37","slug":"al-haramain-tanasuk-12ml-copie","status":"publish","type":"product","link":"https:\/\/www.dubaiessences.re\/index.php\/product\/al-haramain-tanasuk-12ml-copie\/","title":{"rendered":"AL HARAMAIN  Batoul  12ML"},"content":{"rendered":"","protected":false},"excerpt":{"rendered":"<p>A la crois\u00e9e des chemins entre l&#8217;Inde et le moyen orient, Batoul est une huile de parfum de caract\u00e8re, elle revisite l&#8217;esprit du attar traditionnel, cet \u00e9lixir ancien venu d&#8217;Inde et dont l&#8217;\u00e9laboration reste encore aujourd&#8217;hui un secret bien gard\u00e9.<\/p>\n<p>Avec ses accords de safran, de cuir et de santal sur un fond ambr\u00e9 doux, cette fragrance vous propose de d\u00e9couvrir l&#8217;univers des attars mais avec la touche de modernit\u00e9 et le savoir faire de la maison Al Haramain.<\/p>\n<p>&nbsp;<\/p>\n<p><strong>T\u00eate<\/strong>: Safran, Epices<br \/>\n<strong>Coeur<\/strong>: Bois de Cashmire, Cuir<br \/>\n<strong>Fond<\/strong>: Vanille, Ambre, Santal<\/p>\n<p>&nbsp;<\/p>\n<p>Huile concentr\u00e9e sans alcool 12 ML<\/p>\n","protected":false},"featured_media":5664,"comment_status":"open","ping_status":"closed","template":"","meta":[],"product_brand":[],"product_cat":[72,74,75,117,116,118],"product_tag":[79],"class_list":{"0":"post-5662","1":"product","2":"type-product","3":"status-publish","4":"has-post-thumbnail","6":"product_cat-ambre","7":"product_cat-boise","8":"product_cat-epice","9":"product_cat-femme","10":"product_cat-homme","11":"product_cat-huiles-concentrees","12":"product_tag-al-haramain","14":"first","15":"instock","16":"taxable","17":"shipping-taxable","18":"purchasable","19":"product-type-simple"},"_links":{"self":[{"href":"https:\/\/www.dubaiessences.re\/index.php\/wp-json\/wp\/v2\/product\/5662","targetHints":{"allow":["GET"]}}],"collection":[{"href":"https:\/\/www.dubaiessences.re\/index.php\/wp-json\/wp\/v2\/product"}],"about":[{"href":"https:\/\/www.dubaiessences.re\/index.php\/wp-json\/wp\/v2\/types\/product"}],"replies":[{"embeddable":true,"href":"https:\/\/www.dubaiessences.re\/index.php\/wp-json\/wp\/v2\/comments?post=5662"}],"wp:featuredmedia":[{"embeddable":true,"href":"https:\/\/www.dubaiessences.re\/index.php\/wp-json\/wp\/v2\/media\/5664"}],"wp:attachment":[{"href":"https:\/\/www.dubaiessences.re\/index.php\/wp-json\/wp\/v2\/media?parent=5662"}],"wp:term":[{"taxonomy":"product_brand","embeddable":true,"href":"https:\/\/www.dubaiessences.re\/index.php\/wp-json\/wp\/v2\/product_brand?post=5662"},{"taxonomy":"product_cat","embeddable":true,"href":"https:\/\/www.dubaiessences.re\/index.php\/wp-json\/wp\/v2\/product_cat?post=5662"},{"taxonomy":"product_tag","embeddable":true,"href":"https:\/\/www.dubaiessences.re\/index.php\/wp-json\/wp\/v2\/product_tag?post=5662"}],"curies":[{"name":"wp","href":"https:\/\/api.w.org\/{rel}","templated":true}]}}