{"id":5232,"date":"2010-09-06T11:56:06","date_gmt":"2010-09-06T07:56:06","guid":{"rendered":"https:\/\/www.dubaiessences.re\/?post_type=product&#038;p=5232"},"modified":"2026-03-17T12:50:07","modified_gmt":"2026-03-17T08:50:07","slug":"pack-de-3-echantillons","status":"publish","type":"product","link":"https:\/\/www.dubaiessences.re\/index.php\/product\/pack-de-3-echantillons\/","title":{"rendered":"Pack de 3 \u00c9chantillons &#8211; Bon d&#8217;achat 3\u20ac*"},"content":{"rendered":"","protected":false},"excerpt":{"rendered":"<p><strong>Vous pouvez commander des kits d&#8217;\u00e9chantillons afin de prendre le temps de d\u00e9couvrir nos parfums.<\/strong><\/p>\n<p>&nbsp;<\/p>\n<p>S\u00e9lectionnez 3 \u00e9chantillons ci-dessous et recevez une r\u00e9duction de<strong> 3\u20ac sur votre prochaine commande.<\/strong><\/p>\n<p>&nbsp;<\/p>\n<p>\u00c9chantillons de 2 ML en spray sauf pour les huiles concentr\u00e9es(1ML)<\/p>\n<p>&nbsp;<\/p>\n<p>*Valable 6 mois<\/p>\n<p>&nbsp;<\/p>\n<p>&nbsp;<\/p>\n","protected":false},"featured_media":5735,"comment_status":"open","ping_status":"closed","template":"","meta":[],"product_brand":[],"product_cat":[112],"product_tag":[],"class_list":{"0":"post-5232","1":"product","2":"type-product","3":"status-publish","4":"has-post-thumbnail","6":"product_cat-echantillons","7":"product_shipping_class-echantillons","9":"first","10":"instock","11":"taxable","12":"shipping-taxable","13":"purchasable","14":"product-type-variable"},"_links":{"self":[{"href":"https:\/\/www.dubaiessences.re\/index.php\/wp-json\/wp\/v2\/product\/5232","targetHints":{"allow":["GET"]}}],"collection":[{"href":"https:\/\/www.dubaiessences.re\/index.php\/wp-json\/wp\/v2\/product"}],"about":[{"href":"https:\/\/www.dubaiessences.re\/index.php\/wp-json\/wp\/v2\/types\/product"}],"replies":[{"embeddable":true,"href":"https:\/\/www.dubaiessences.re\/index.php\/wp-json\/wp\/v2\/comments?post=5232"}],"wp:featuredmedia":[{"embeddable":true,"href":"https:\/\/www.dubaiessences.re\/index.php\/wp-json\/wp\/v2\/media\/5735"}],"wp:attachment":[{"href":"https:\/\/www.dubaiessences.re\/index.php\/wp-json\/wp\/v2\/media?parent=5232"}],"wp:term":[{"taxonomy":"product_brand","embeddable":true,"href":"https:\/\/www.dubaiessences.re\/index.php\/wp-json\/wp\/v2\/product_brand?post=5232"},{"taxonomy":"product_cat","embeddable":true,"href":"https:\/\/www.dubaiessences.re\/index.php\/wp-json\/wp\/v2\/product_cat?post=5232"},{"taxonomy":"product_tag","embeddable":true,"href":"https:\/\/www.dubaiessences.re\/index.php\/wp-json\/wp\/v2\/product_tag?post=5232"}],"curies":[{"name":"wp","href":"https:\/\/api.w.org\/{rel}","templated":true}]}}