{"id":5454,"date":"2022-10-26T08:50:36","date_gmt":"2022-10-26T04:50:36","guid":{"rendered":"https:\/\/www.dubaiessences.re\/?page_id=5454"},"modified":"2022-10-26T08:59:50","modified_gmt":"2022-10-26T04:59:50","slug":"mentions-legales","status":"publish","type":"page","link":"https:\/\/www.dubaiessences.re\/index.php\/mentions-legales\/","title":{"rendered":"Mentions L\u00e9gales"},"content":{"rendered":"\t\t<div data-elementor-type=\"wp-page\" data-elementor-id=\"5454\" class=\"elementor elementor-5454\">\n\t\t\t\t\t\t<section class=\"elementor-section elementor-top-section elementor-element elementor-element-5e4b421b elementor-section-boxed elementor-section-height-default elementor-section-height-default mkdf-parallax-row-no mkdf-content-aligment-left mkdf-row-grid-no mkdf-disabled-bg-image-bellow-no\" data-id=\"5e4b421b\" data-element_type=\"section\">\n\t\t\t\t\t\t<div class=\"elementor-container elementor-column-gap-default\">\n\t\t\t\t\t<div class=\"elementor-column elementor-col-100 elementor-top-column elementor-element elementor-element-37f4ffd9\" data-id=\"37f4ffd9\" data-element_type=\"column\">\n\t\t\t<div class=\"elementor-widget-wrap elementor-element-populated\">\n\t\t\t\t\t\t<div class=\"elementor-element elementor-element-3566a4ca elementor-widget elementor-widget-text-editor\" data-id=\"3566a4ca\" data-element_type=\"widget\" data-widget_type=\"text-editor.default\">\n\t\t\t\t<div class=\"elementor-widget-container\">\n\t\t\t\t\t\t\t\t\t<p><\/p>\n<p>Correspondant aux directives de l&#8217;article 6-III et 19 de la Loi num\u00e9ro 2004-575 du 21 juin 2004 relative \u00e0 la Confiance dans l&#8217;\u00e9conomie num\u00e9rique, dite L.C.E.N., nous informons les utilisateurs du site internet :&nbsp;<a href=\"https:\/\/dubaiessences.re\/\" target=\"_blank\" rel=\"noopener\">dubaiessences.re<\/a>&nbsp;Les donn\u00e9es qui suivent :<\/p>\n<h4 class=\"wp-block-heading\">1. Bulletin l\u00e9gales :<\/h4>\n<p>Le site internet&nbsp;<a href=\"https:\/\/dubaiessences.re\/\" target=\"_blank\" rel=\"noopener\">dubaiessences.re<\/a>&nbsp;est l&#8217;unique propri\u00e9t\u00e9 de&nbsp;<strong>Soci\u00e9t\u00e9<\/strong>&nbsp;<strong>DubaiEssences<\/strong>, .<\/p>\n<p><strong>Soci\u00e9t\u00e9<\/strong>&nbsp;<strong>DubaiEssences<\/strong>&nbsp;&#8211; Num\u00e9ro de Tel :&nbsp;<strong>0693852633<\/strong><\/p>\n<p><strong>1 ruelle Pav\u00e9e&nbsp;<\/strong><strong>97400 Saint-Denis<\/strong><br>Immatricul\u00e9e au Registre du Commerce et des Soci\u00e9t\u00e9s au num\u00e9ro&nbsp;<strong>91053677000019<\/strong><\/p><p>EMAIL :&nbsp;<strong><a href=\"mailto:contact@dubaiessences.re?subject=Contact%20a%20partir%20des%20mentions%20l%C3%A9gales%20via%20le%20site%20dubaiessences.re\">contact@dubaiessences.re<\/a><\/strong><\/p>\n<p>Le Fondateur du site internet est :&nbsp;<strong>G\u00e9din Julien<\/strong><br>Le Responsable de la publication :&nbsp;<strong>G\u00e9din Julien<\/strong><br>Ou contacter le Chef de la publication :&nbsp;<strong><a href=\"mailto:contact@dubaiessences.re?subject=Contact%20a%20partir%20des%20mentions%20l%C3%A9gales%20via%20le%20site%20dubaiessences.re\">contact@dubaiessences.re<br><\/a><\/strong><\/p>\n<p>L&#8217;hebergeur du site est : OVH SAS<br>Registre du commerce et des soci\u00e9t\u00e9s (RCS) Lille M\u00e9tropole 424 761 419 00045<br>Code APE (NAF) 2620Z<br>Num. de TVA : FR 22 424 761 419<br>Adresse du si\u00e8ge : 2 rue Kellermann &#8211; 59100 Roubaix &#8211; France<\/p>\n<h4>2. Pr\u00e9sentation :<\/h4>\n<p>Tout internaute qui se connecte et utilise le site :&nbsp;<a href=\"https:\/\/dubaiessences.re\/\" target=\"_blank\" rel=\"noopener\">dubaiessences.re<\/a>&nbsp;est consid\u00e9r\u00e9 comme utilisateur du site internet.<br>Le site web&nbsp;<strong>dubaiessences.re<\/strong>&nbsp;r\u00e9uni plusieurs services, en l&#8217;\u00e9tat, mis \u00e0 disposition des utilisateur. Il est naturellement pr\u00e9cis\u00e9 que ces derniers doivent rester honn\u00eate et faire preuve de bonne foi tant envers les diff\u00e9rents utilisateurs qu&#8217;envers le Concepteur du site dubaiessences.re. Le site dubaiessences.re est mis \u00e0 jour r\u00e9guli\u00e8rement par G\u00e9din Julien.<br>G\u00e9din Julien s&#8217;efforce d&#8217;indiqu\u00e9 sur le site suivant dubaiessences.re des informations les plus v\u00e9ridiques possibles (sous r\u00e9serve de modifications apport\u00e9es depuis leur mise en ligne), mais ne saurait certifier l&#8217;exactitude, la compl\u00e9tude et les informations transmises sur son site web, qu&#8217;elles soient de son fait ou du fait des tiers partenaires qui lui fournissent ces informations. En r\u00e9percussion, l&#8217;utilisateur reconna\u00eet utiliser ces informations donn\u00e9es sous sa responsabilit\u00e9 exclusive.<\/p>\n<h4>3. Accessibilit\u00e9 Num\u00e9rique :<\/h4>\n<p>Le site internet dubaiessences.re est par principe accessible aux usag\u00e9s H24 7\/7, except\u00e9 en cas de maintenance, programm\u00e9e ou non, pour les besoins de la mise \u00e0 jour ou en cas de force majeure. En cas de service indisponible, dubaiessences.re se devouera \u00e0 faire de son mieux pour r\u00e9tablir l&#8217;acc\u00e8s au site et s&#8217;efforcera alors de communiquer pr\u00e9alablement aux utilisateurs Dates &amp; heures de l&#8217;intervention. N&#8217;\u00e9tant subordonn\u00e9 qu&#8217;\u00e0 une servitude de moyen, dubaiessences.re ne pourrait \u00eatre design\u00e9 pour responsable des soucis, quelle qu&#8217;en soit la nature.<\/p>\n<h4>4. Propri\u00e9t\u00e9 intellectuelle :<\/h4>\n<p>G\u00e9din Julien est le propri\u00e9taire exclusif de tous les droits de propri\u00e9t\u00e9 intellectuelle ou d\u00e9tient les droits et autorisations d&#8217;usage sur l&#8217;int\u00e9gralit\u00e9 des \u00e9l\u00e9ments accessibles sur le site suivant, tant structurellement que sur les textes, , graphismes, logo, sons, logicielsetc\u2026<br>Toute reproduction m\u00eame partielle du site web dubaiessences.re, repr\u00e9sentation, edition, mis \u00e0 jour totale ou partielle de l&#8217;un de ces \u00e9l\u00e9ments, sans tenir compte du moyen ou la technique utilis\u00e9, est formellementinterdite, except\u00e9 autorisation \u00e9crite pr\u00e9alable de G\u00e9din Julien, directeur du site m\u00eame partielle du site dubaiessences.re, affichage, edition, mis \u00e0 jour totale ou partielle de l&#8217;un de ces \u00e9l\u00e9ments, peu importe le moyen ou la technique utilis\u00e9, est strictementinterdite, except\u00e9 autorisation \u00e9crite pr\u00e9alable de G\u00e9din Julien, propri\u00e9taire du site internet \u00e0 l&#8217;email : contact@dubaiessences.re, \u00e0 contrario elle sera d\u00e9sign\u00e9 de la m\u00eame mani\u00e8re qu&#8217;une contrefa\u00e7on \u00e9tant passible de poursuite selon les dispositions des multiples articles L.335-2 et suivants du Code de Propri\u00e9t\u00e9 Intellectuelle.<\/p>\n<h4>5. Liens hypertextes &amp; cookies :<\/h4>\n<p>Le site internet dubaiessences.re poss\u00e8de de multiple liens hypertextes vers diff\u00e9rents sites (partenaires, sites sources .) mis en place avec l&#8217;accord de G\u00e9din Julien<a href=\"https:\/\/www.generateur-de-mentions-legales.com\/\"><span style=\"color: #000000;\">.<\/span><\/a>&nbsp;Cependant, G\u00e9din Julien n&#8217;a pas la possibilit\u00e9 de s\u00e9curiser l&#8217;int\u00e9gralit\u00e9 des \u00e9lements des sites ainsi visit\u00e9s et d\u00e9cline donc l&#8217;enti\u00e8re responsabilit\u00e9 de ce fait concernant les risques \u00e9ventuels de contenus interdits.<br>L&#8217;utilisateur est donc inform\u00e9 que durant de ses visites sur le site internet dubaiessences.re, un ou diff\u00e9rents cookies peuvent s&#8217;installer m\u00e9caniquement sur son ordinateur via son logiciel informatique de navigation. Un cookie c&#8217;est un assemblage de donn\u00e9e qui ne permet pas de savoir qui l&#8217;utilise, en revanche qui repertorie des renseignements relatives \u00e0 la navigation de l&#8217;utilisateur sur le site.&nbsp;<br>La configration du logiciel de navigation permet de notifier de la pr\u00e9sence de cookie et potentiellement, de la contester de la proc\u00e9dure expliqu\u00e9e \u00e0 cette adresse :&nbsp;<a href=\"https:\/\/www.dubaiessences.re\/\">www.dubaiessences.re<\/a>. L&#8217;utilisateur \u00e0 la possibilit\u00e9 n\u00e9anmoins de r\u00e9gler le navigateur de son pc de fa\u00e7on \u00e0 contester la mise en place des cookies, \u00e9tant conscient que le refus de la mise en place d&#8217;un cookie pourrait potentiellement entra\u00eener l&#8217;incapacit\u00e9 d&#8217;avoir acc\u00e8s \u00e0 divers services. Concernant tout blocage de cookies, cherchez dans le moteur de recherche : blocage des cookies et suivez les consignes en fonction de votre navigateur.<\/p>\n<h4>6. Protection des biens et des personnes &#8211; Utilisation des donn\u00e9es personnelles :<\/h4>\n<p>En France, les donn\u00e9es personnelles sont par exemple prot\u00e9g\u00e9es par la loi n\u00b0 78-87 du 6 janvier 1978 , la loi n\u00b0 2004-801 datant du 6 ao\u00fbt 2004, l&#8217;article L. 226-13 du Code p\u00e9nal ainsi que la Directive Europ\u00e9enne du 24 octobre 1995.<\/p>\n<p>Sur le site interne dubaiessences.re, G\u00e9din Julien ne aucune information personnelles ( suivant l&#8217;article 4 loi n\u00b078-17 du 06 janvier 1978) relatives \u00e0 l&#8217;usager que pour le besoin de diff\u00e9rents services mis \u00e0 disposition par le site interne dubaiessences.re. L&#8217;utilisateur donne ces donn\u00e9es en toute connaissance de cause, notamment quand il proc\u00e8de de lui-m\u00eame \u00e0 leur saisie. Il est alors expliqu\u00e9 \u00e0 l&#8217;usag\u00e9 du site web dubaiessences.re la contrainte ou non de fournir ces informations.<br>Conform\u00e9ment aux agencements des articles 38 et suivants de la loi 78-17 du 6 janvier 1978 relative \u00e0 l&#8217;informatique, les fichiers et aux diff\u00e9rentes libert\u00e9s, n&#8217;importe quel utilisateur dispose d&#8217;un droit d&#8217;acc\u00e8s , de rectification, de suppression et d&#8217;opposition aux informations personnelles le concernant. Pour l&#8217;utiliser, adressez une requ\u00eate \u00e0 dubaiessences.re par email :&nbsp;<strong><a href=\"mailto:contact@dubaiessences.re?subject=Contact%20%C3%A0%20partir%20des%20mentions%20l%C3%A9gales%20via%20le%20site%20dubaiessences.re\">contact@dubaiessences.re<\/a><\/strong>&nbsp;ou alors&nbsp;par lettre manuscrite&nbsp;d\u00fbement sign\u00e9e, jointe d&#8217;une copie du titre d&#8217;identit\u00e9 ainsi qu&#8217;une signature du titulaire de la pi\u00e8ce, en pr\u00e9cisant l&#8217;adresse \u00e0 laquelle la r\u00e9ponse doit \u00eatre envoy\u00e9e.<\/p>\n<p>Aucune information personnelle de l&#8217;utilisateur du site interne dubaiessences.re ne sera publi\u00e9e \u00e0 l&#8217;insu de l&#8217;utilisateur, \u00e9chang\u00e9e, transmise, c\u00e9d\u00e9e sur un support quelconque \u00e0 des groupes. Seulement l&#8217;hypoth\u00e8se de vente du site web dubaiessences.re et de l&#8217;int\u00e9gralit\u00e9 de ses droits en autorise G\u00e9din Julien \u00e0 c\u00e9der les informations \u00e0 l&#8217;\u00e9ventuel acqu\u00e9reur qui serait alors \u00e0 son tour tenu&nbsp;\u00e0 la m\u00eame obligation de conservation et de modification des informations vis \u00e0 vis de l&#8217;utilisateur du site web dubaiessences.re.<br>Le site dubaiessences.re est en conformit\u00e9 avec le RGPD voir notre politique RGPD https:\/\/www.dubaiessences.re\/index.php\/politique-de-confidentialite\/.<\/p>\n<p>Les bases de donn\u00e9es sont prot\u00e9g\u00e9es par les dispositions de la loi du 1er juillet 1998 transposant la directive 96\/9 du 11 mars 1996 concernant la protection juridique des BDD (bases de donn\u00e9es).<\/p>\n<p>&nbsp;<\/p>\n<p><\/p>\t\t\t\t\t\t\t\t<\/div>\n\t\t\t\t<\/div>\n\t\t\t\t\t<\/div>\n\t\t<\/div>\n\t\t\t\t\t<\/div>\n\t\t<\/section>\n\t\t\t\t<\/div>\n\t\t","protected":false},"excerpt":{"rendered":"<p>Correspondant aux directives de l&#8217;article 6-III et 19 de la Loi num\u00e9ro 2004-575 du 21 juin 2004 relative \u00e0 la Confiance dans l&#8217;\u00e9conomie num\u00e9rique, dite L.C.E.N., nous informons les utilisateurs du site internet :&nbsp;dubaiessences.re&nbsp;Les donn\u00e9es qui suivent : 1. Bulletin [&hellip;]<\/p>\n","protected":false},"author":1,"featured_media":0,"parent":0,"menu_order":0,"comment_status":"closed","ping_status":"closed","template":"","meta":{"footnotes":""},"class_list":["post-5454","page","type-page","status-publish","hentry"],"_links":{"self":[{"href":"https:\/\/www.dubaiessences.re\/index.php\/wp-json\/wp\/v2\/pages\/5454","targetHints":{"allow":["GET"]}}],"collection":[{"href":"https:\/\/www.dubaiessences.re\/index.php\/wp-json\/wp\/v2\/pages"}],"about":[{"href":"https:\/\/www.dubaiessences.re\/index.php\/wp-json\/wp\/v2\/types\/page"}],"author":[{"embeddable":true,"href":"https:\/\/www.dubaiessences.re\/index.php\/wp-json\/wp\/v2\/users\/1"}],"replies":[{"embeddable":true,"href":"https:\/\/www.dubaiessences.re\/index.php\/wp-json\/wp\/v2\/comments?post=5454"}],"version-history":[{"count":13,"href":"https:\/\/www.dubaiessences.re\/index.php\/wp-json\/wp\/v2\/pages\/5454\/revisions"}],"predecessor-version":[{"id":5468,"href":"https:\/\/www.dubaiessences.re\/index.php\/wp-json\/wp\/v2\/pages\/5454\/revisions\/5468"}],"wp:attachment":[{"href":"https:\/\/www.dubaiessences.re\/index.php\/wp-json\/wp\/v2\/media?parent=5454"}],"curies":[{"name":"wp","href":"https:\/\/api.w.org\/{rel}","templated":true}]}}